{"id":1708,"date":"2018-06-21T07:50:55","date_gmt":"2018-06-21T07:50:55","guid":{"rendered":"http:\/\/barberry:8888\/my-account\/"},"modified":"2024-04-27T01:24:15","modified_gmt":"2024-04-27T04:24:15","slug":"minha-conta-2","status":"publish","type":"page","link":"https:\/\/maragracciano.com.br\/?page_id=1708","title":{"rendered":"Minha Conta"},"content":{"rendered":"<div class=\"woocommerce\">\n\n<!-- begin grid-x -->\n<div class=\"grid-x login-cells\">\n\t\n\t<!-- begin login-content -->\n\t<div id=\"customer_login\" class=\"login-content\">\n\n\t\t<div class=\"woocommerce-notices-wrapper\"><\/div>\n\t\t<!-- begin login-content-inner -->\n\t\t<div class=\"login-content-inner\">\n\n\t\t\t\n\t\t\t<div id=\"bb-login-wrap\" class=\"inline slide-up fade-in\">\n\t\t\t\t<div class=\"title-wrapper\">\n\t\t\t\t\t<div class=\"breadcrumbs-wrapper\"><div class=\"breadcrumbs\" xmlns:v=\"http:\/\/rdf.data-vocabulary.org\/#\"><span><a href=\"https:\/\/maragracciano.com.br\/\" rel=\"v:url\" property=\"v:title\">Home<\/a><\/span><span class=\"delimiter\">&#047;<\/span><span class=\"current\">P\u00e1gina<\/span><\/div><!-- .breadcrumbs --><\/div><!-- .breadcrumbs-wrapper -->\t\t\t\t\t<div class=\"page-title-wrapper\">\n\t\t\t\t\t\t<h1 class=\"page-title\">Acessar<\/h1>\n\t\t\t\t\t<\/div>\t\t\t\t\t\n\t\t\t\t<\/div>\n\n\t\t\t\t\t\t\n\t\t\t<form method=\"post\" class=\"login woocommerce-form woocommerce-form-login \" action=\"https:\/\/maragracciano.com.br\/?page_id=1708&#038;action=login\" >\n\n\t\t\t\t\n\n\t\t\t\t\t\t\t\t\t\t\n\t\t\t\t\t<p class=\"form-row form-row-first\">\n\t\t\t\t\t\t<label for=\"username\">Nome de usu\u00e1rio ou e-mail&nbsp;<span class=\"required\">*<\/span><\/label>\n\t\t\t\t\t\t<input type=\"text\" class=\"woocommerce-Input woocommerce-Input--text input-text\" name=\"username\" id=\"username\" autocomplete=\"username\" value=\"\" \/>\n\t\t\t\t\t<\/p>\n\t\t\t\t\t<p class=\"form-row form-row-last\">\n\t\t\t\t\t\t<label for=\"password\">Senha&nbsp;<span class=\"required\">*<\/span><\/label>\n\t\t\t\t\t\t<input class=\"woocommerce-Input woocommerce-Input--text input-text\" type=\"password\" name=\"password\" id=\"password\" autocomplete=\"current-password\" \/>\n\t\t\t\t\t<\/p>\n\n\t\t\t\t\t<div class=\"clear\"><\/div>\n\n\t\t\t\t\t\n\t\t\t\t\t<p class=\"form-row form-group login-form-footer\">\n\t\t\t\t\t    <label class=\"woocommerce-form__label woocommerce-form__label-for-checkbox inline\">\n\t\t\t\t\t        <input class=\"woocommerce-form__input woocommerce-form__input-checkbox\" name=\"rememberme\" type=\"checkbox\" id=\"rememberme\" value=\"forever\" \/> <span>Lembre-me<\/span>\n\t\t\t\t\t    <\/label>\n\t\t\t\t\t    \n\t\t\t\t\t    <span class=\"woocommerce-LostPassword lost_password\">\n\t\t\t\t\t        <a href=\"https:\/\/maragracciano.com.br\/?page_id=1708&#038;lost-password\">Perdeu sua senha?<\/a>\n\t\t\t\t\t    <\/span>\n\t\t\t\t\t<\/p>\n\n\t\t\t\t    <p class=\"form-actions\">\n\t\t\t\t        <input type=\"hidden\" id=\"woocommerce-login-nonce\" name=\"woocommerce-login-nonce\" value=\"a52a81f98d\" \/><input type=\"hidden\" name=\"_wp_http_referer\" value=\"\/index.php?rest_route=%2Fwp%2Fv2%2Fpages%2F1708\" \/>                 \n\t\t\t\t        <button type=\"submit\" class=\"woocommerce-Button button\" name=\"login\" value=\"Acessar\">Acessar<\/button>\n\t\t\t\t    <\/p>\t\t\t\t\t\t\t\t\n\n\t\t\t\t\n\t\t\t<\/form>\n\n\t\t\n\t\t\t\t\t\t\t\t<div class=\"bb-login-form-divider\"><span>Or<\/span><\/div>\n\t\t\t\t<a href=\"#\" id=\"bb-show-register-button\" class=\"button btn--border\">Create an Account<\/a>\n\t\t\t\t\t\t\t\t\n\n\t\t\t<\/div>\n\n\t\t\t\t\t\t\t<div id=\"bb-register-wrap\">\n\t\t\t\t\t<div class=\"title-wrapper\">\n\t\t\t\t\t\t<div class=\"breadcrumbs-wrapper\"><div class=\"breadcrumbs\" xmlns:v=\"http:\/\/rdf.data-vocabulary.org\/#\"><span><a href=\"https:\/\/maragracciano.com.br\/\" rel=\"v:url\" property=\"v:title\">Home<\/a><\/span><span class=\"delimiter\">&#047;<\/span><span class=\"current\">P\u00e1gina<\/span><\/div><!-- .breadcrumbs --><\/div><!-- .breadcrumbs-wrapper -->\t\t\t\t\t\t<div class=\"page-title-wrapper\">\n\t\t\t\t\t\t\t<h1 class=\"page-title\">Cadastre-se<\/h1>\n\t\t\t\t\t\t<\/div>\t\t\t\t\t\n\t\t\t\t\t<\/div>\n\n\t\t\t\t\t<form method=\"post\" class=\"woocommerce-form woocommerce-form-register register\"  >\n\t\t\t\t\t\t\t\t\t\t\t\t\n\t\t\t\t\t\t<p class=\"woocommerce-form-row woocommerce-form-row--wide form-row form-row-wide\">\n\t\t\t\t\t\t\t<label for=\"reg_email\">Endere\u00e7o de e-mail&nbsp;<span class=\"required\">*<\/span><\/label>\n\t\t\t\t\t\t\t<input type=\"email\" class=\"woocommerce-Input woocommerce-Input--text input-text\" name=\"email\" id=\"reg_email\" autocomplete=\"email\" value=\"\" \/>\t\t\t\t\t\t<\/p>\n\n\t\t\t\t\t\t\t\t\t\t\t\t<div class=\"woocommerce-password-text\"><p>A password will be sent to your email address.<\/p><\/div>\n\n\t\t\t\t\t\t\n\t\t\t\t\t\t<wc-order-attribution-inputs><\/wc-order-attribution-inputs><div class=\"woocommerce-privacy-policy-text\"><p>Seus dados pessoais ser\u00e3o usados para aprimorar a sua experi\u00eancia em todo este site, para gerenciar o acesso a sua conta e para outros prop\u00f3sitos, como descritos em nossa <a href=\"https:\/\/maragracciano.com.br\/?page_id=3057\" class=\"woocommerce-privacy-policy-link\" target=\"_blank\">pol\u00edtica de privacidade<\/a>.<\/p>\n<\/div>\n\t\t\t\t\t\t<p class=\"form-actions woocommerce-form-row\">\n\t\t\t\t\t\t    <input type=\"hidden\" id=\"woocommerce-register-nonce\" name=\"woocommerce-register-nonce\" value=\"64dacd55ff\" \/><input type=\"hidden\" name=\"_wp_http_referer\" value=\"\/index.php?rest_route=%2Fwp%2Fv2%2Fpages%2F1708\" \/>\t\t\t\t\t\t\t\t<button type=\"submit\" class=\"woocommerce-Button woocommerce-button button woocommerce-form-register__submit\" name=\"register\" value=\"Cadastre-se\">Cadastre-se<\/button>\n\t\t\t\t\t\t    \n\t\t\t\t\t\t    \t\t\t\t\t\t    <div class=\"bb-login-form-divider\"><span>Or<\/span><\/div>\n\t\t\t\t\t\t    \n\t\t\t\t\t\t    <a href=\"#\" id=\"bb-show-login-button\" class=\"button btn--border\">Acessar<\/a>\n\t\t\t\t\t\t    \t\t\t\t\t\t<\/p>\n\n\t\t\t\t\t\t\t\t\t\t\t\t\n\t\t\t\t\t<\/form>\t\t\t\t\t\n\t\t\t\t<\/div>\n\t\t\t\t\t\t\t\n\n\t\t<\/div>\n\t\t<!-- end login-content-inner -->\n\t\t\n\t<\/div>\n\t<!-- end login-content -->\n\n<\/div>\n<!-- end grid-x --><\/div>\n","protected":false},"excerpt":{"rendered":"Home&#047;P\u00e1gina Acessar Nome de usu\u00e1rio ou e-mail&nbsp;* Senha&nbsp;* Lembre-me Perdeu sua senha? Acessar Or Create an Account Home&#047;P\u00e1gina Cadastre-se Endere\u00e7o\u2026","protected":false},"author":1,"featured_media":0,"parent":0,"menu_order":0,"comment_status":"closed","ping_status":"closed","template":"","meta":{"footnotes":""},"acf":[],"_links":{"self":[{"href":"https:\/\/maragracciano.com.br\/index.php?rest_route=\/wp\/v2\/pages\/1708"}],"collection":[{"href":"https:\/\/maragracciano.com.br\/index.php?rest_route=\/wp\/v2\/pages"}],"about":[{"href":"https:\/\/maragracciano.com.br\/index.php?rest_route=\/wp\/v2\/types\/page"}],"author":[{"embeddable":true,"href":"https:\/\/maragracciano.com.br\/index.php?rest_route=\/wp\/v2\/users\/1"}],"replies":[{"embeddable":true,"href":"https:\/\/maragracciano.com.br\/index.php?rest_route=%2Fwp%2Fv2%2Fcomments&post=1708"}],"version-history":[{"count":1,"href":"https:\/\/maragracciano.com.br\/index.php?rest_route=\/wp\/v2\/pages\/1708\/revisions"}],"predecessor-version":[{"id":3921,"href":"https:\/\/maragracciano.com.br\/index.php?rest_route=\/wp\/v2\/pages\/1708\/revisions\/3921"}],"wp:attachment":[{"href":"https:\/\/maragracciano.com.br\/index.php?rest_route=%2Fwp%2Fv2%2Fmedia&parent=1708"}],"curies":[{"name":"wp","href":"https:\/\/api.w.org\/{rel}","templated":true}]}}