{"id":3488,"date":"2018-10-28T10:16:19","date_gmt":"2018-10-28T10:16:19","guid":{"rendered":"https:\/\/barberry.temash.dev\/furniture\/?page_id=3488"},"modified":"2025-06-20T07:05:11","modified_gmt":"2025-06-20T10:05:11","slug":"home-classic","status":"publish","type":"page","link":"https:\/\/maragracciano.com.br\/","title":{"rendered":"Home &#8211; Classic eCommerce"},"content":{"rendered":"<div class=\"wpb-content-wrapper\"><p>[vc_row full_width=&#8221;stretch_row_content&#8221; el_class=&#8221;home-slider&#8221;][vc_column css=&#8221;.vc_custom_1735225178368{background-image: url(https:\/\/maragracciano.com.br\/wp-content\/uploads\/2024\/12\/WhatsApp-Image-2024-12-26-at-11.58.31-AM.jpeg?id=4588) !important;background-position: center !important;background-repeat: no-repeat !important;background-size: cover !important;}&#8221;][vc_empty_space height=&#8221;15em&#8221;][vc_column_text el_class=&#8221;text-light&#8221;]Inspirada na imagina\u00e7\u00e3o de um jardim com flores azuis e cheiro maravilhoso. A Cole\u00e7\u00e3o Margot se inspira no romantismo e no cl\u00e1ssico para dar sofistica\u00e7\u00e3o a porcelana limoges. Detalhes em ouro d\u00e3o o efeito sofisticado.[\/vc_column_text]<style>body:not(.is-mobile) .b-button-388515582 a.button:hover {border-color: #c48d23;color: #c48d23;}<\/style><div class=\"barberry-button-container b-button_right b-button-388515582\"><a href=\"https:\/\/maragracciano.com.br\/?product_cat=colecao-margot\" class=\"b-button_normal button\" target=\"\" rel=\"\" title=\"Veja aqui\" style=\"background-color:#c48d23;border-color:#c48d23\">Inspire-se<\/a><\/div>\r\n    \r\n    \r\n    [\/vc_column][vc_column][\/vc_column][\/vc_row][vc_row full_width=&#8221;stretch_row&#8221; css_animation=&#8221;none&#8221;][vc_column css_animation=&#8221;none&#8221;][vc_custom_heading text=&#8221;DESTAQUES&#8221; font_container=&#8221;tag:h3|text_align:center&#8221; use_theme_fonts=&#8221;yes&#8221; css=&#8221;.vc_custom_1716328944731{margin-top: 3em !important;margin-bottom: 0px !important;}&#8221;][vc_empty_space height=&#8221;20px&#8221;]<div class=\"woocommerce columns-3\"><div class=\"grid-container\">\n\t<div class=\"grid-x grid-margin-x\">\n\t\t<div class=\"cell large-12\">\n\t\t\t<ul class=\"products columns-3 category-grid-layout-1 product-grid-layout-1 \">\n<li class=\"product-category product first\">\n\n\t<!-- begin category_wrapper -->\n\t<div class=\"category_wrapper\">\n\n\t\t<a aria-label=\"Visit product category Cole\u00e7\u00e3o Flechas\" href=\"https:\/\/maragracciano.com.br\/?product_cat=colecao-flechas\">\t\t\n\t\t<!-- begin category_image -->\n\t\t<div class=\"category_image\">\n\t\t\t<a href=\"https:\/\/maragracciano.com.br\/?product_cat=colecao-flechas\" class=\"category-image\">\n\t\t\t\t<img loading=\"lazy\" decoding=\"async\" src=\"https:\/\/maragracciano.com.br\/wp-content\/uploads\/2024\/06\/WhatsApp-Image-2024-06-04-at-8.49.02-AM-400x480.jpeg\" alt=\"Cole\u00e7\u00e3o Flechas\" width=\"400\" height=\"480\" \/>\t\n\t\t\t<\/a>\n\t\t<\/div>\n\t\t<!-- end category_image -->\n\n\t\t<!-- begin category_details -->\n\t\t\t<div class=\"category_details\">\n\n\t\t\t<a href=\"https:\/\/maragracciano.com.br\/?product_cat=colecao-flechas\">\n\n\t\t\t\t\n\t\t\t\t<div class=\"more-products\">2 produtos<\/div>\n\n\t\t\t\t<h2 class=\"category-title\">\n\t\t\t\t\tCole\u00e7\u00e3o Flechas\t\t\t\t\n\t\t\t\t<\/h2>\n\n\n\t\t\t<\/a>\t\t\t\n\n\t\t\t\t\t\t\n\t\t<\/div>\n\t\t<!-- end category_details -->\t\n\n\t\t<\/a>\n\t<\/div>\n\t<!-- end category_wrapper -->\n\n<\/li>\n<li class=\"product-category product\">\n\n\t<!-- begin category_wrapper -->\n\t<div class=\"category_wrapper\">\n\n\t\t<a aria-label=\"Visit product category Cole\u00e7\u00e3o Jardim Tropical\" href=\"https:\/\/maragracciano.com.br\/?product_cat=colecao-jardim-tropical\">\t\t\n\t\t<!-- begin category_image -->\n\t\t<div class=\"category_image\">\n\t\t\t<a href=\"https:\/\/maragracciano.com.br\/?product_cat=colecao-jardim-tropical\" class=\"category-image\">\n\t\t\t\t<img loading=\"lazy\" decoding=\"async\" src=\"https:\/\/maragracciano.com.br\/wp-content\/uploads\/2024\/05\/WhatsApp-Image-2024-05-28-at-9.43.39-PM-400x480.jpeg\" alt=\"Cole\u00e7\u00e3o Jardim Tropical\" width=\"400\" height=\"480\" \/>\t\n\t\t\t<\/a>\n\t\t<\/div>\n\t\t<!-- end category_image -->\n\n\t\t<!-- begin category_details -->\n\t\t\t<div class=\"category_details\">\n\n\t\t\t<a href=\"https:\/\/maragracciano.com.br\/?product_cat=colecao-jardim-tropical\">\n\n\t\t\t\t\n\t\t\t\t<div class=\"more-products\">11 produtos<\/div>\n\n\t\t\t\t<h2 class=\"category-title\">\n\t\t\t\t\tCole\u00e7\u00e3o Jardim Tropical\t\t\t\t\n\t\t\t\t<\/h2>\n\n\n\t\t\t<\/a>\t\t\t\n\n\t\t\t\t\t\t\n\t\t<\/div>\n\t\t<!-- end category_details -->\t\n\n\t\t<\/a>\n\t<\/div>\n\t<!-- end category_wrapper -->\n\n<\/li>\n<li class=\"product-category product last\">\n\n\t<!-- begin category_wrapper -->\n\t<div class=\"category_wrapper\">\n\n\t\t<a aria-label=\"Visit product category Cole\u00e7\u00e3o Lisse\" href=\"https:\/\/maragracciano.com.br\/?product_cat=colecao-lisse\">\t\t\n\t\t<!-- begin category_image -->\n\t\t<div class=\"category_image\">\n\t\t\t<a href=\"https:\/\/maragracciano.com.br\/?product_cat=colecao-lisse\" class=\"category-image\">\n\t\t\t\t<img loading=\"lazy\" decoding=\"async\" src=\"https:\/\/maragracciano.com.br\/wp-content\/uploads\/2024\/12\/WhatsApp-Image-2024-12-11-at-10.52.36-AM-400x480.jpeg\" alt=\"Cole\u00e7\u00e3o Lisse\" width=\"400\" height=\"480\" \/>\t\n\t\t\t<\/a>\n\t\t<\/div>\n\t\t<!-- end category_image -->\n\n\t\t<!-- begin category_details -->\n\t\t\t<div class=\"category_details\">\n\n\t\t\t<a href=\"https:\/\/maragracciano.com.br\/?product_cat=colecao-lisse\">\n\n\t\t\t\t\n\t\t\t\t<div class=\"more-products\">2 produtos<\/div>\n\n\t\t\t\t<h2 class=\"category-title\">\n\t\t\t\t\tCole\u00e7\u00e3o Lisse\t\t\t\t\n\t\t\t\t<\/h2>\n\n\n\t\t\t<\/a>\t\t\t\n\n\t\t\t\t\t\t\n\t\t<\/div>\n\t\t<!-- end category_details -->\t\n\n\t\t<\/a>\n\t<\/div>\n\t<!-- end category_wrapper -->\n\n<\/li>\n<li class=\"product-category product first\">\n\n\t<!-- begin category_wrapper -->\n\t<div class=\"category_wrapper\">\n\n\t\t<a aria-label=\"Visit product category Cole\u00e7\u00e3o Marina\" href=\"https:\/\/maragracciano.com.br\/?product_cat=colecao-marina\">\t\t\n\t\t<!-- begin category_image -->\n\t\t<div class=\"category_image\">\n\t\t\t<a href=\"https:\/\/maragracciano.com.br\/?product_cat=colecao-marina\" class=\"category-image\">\n\t\t\t\t<img loading=\"lazy\" decoding=\"async\" src=\"https:\/\/maragracciano.com.br\/wp-content\/uploads\/2025\/06\/WhatsApp-Image-2025-06-20-at-6.00.15-AM-400x480.jpeg\" alt=\"Cole\u00e7\u00e3o Marina\" width=\"400\" height=\"480\" \/>\t\n\t\t\t<\/a>\n\t\t<\/div>\n\t\t<!-- end category_image -->\n\n\t\t<!-- begin category_details -->\n\t\t\t<div class=\"category_details\">\n\n\t\t\t<a href=\"https:\/\/maragracciano.com.br\/?product_cat=colecao-marina\">\n\n\t\t\t\t\n\t\t\t\t<div class=\"more-products\">3 produtos<\/div>\n\n\t\t\t\t<h2 class=\"category-title\">\n\t\t\t\t\tCole\u00e7\u00e3o Marina\t\t\t\t\n\t\t\t\t<\/h2>\n\n\n\t\t\t<\/a>\t\t\t\n\n\t\t\t\t\t\t\n\t\t<\/div>\n\t\t<!-- end category_details -->\t\n\n\t\t<\/a>\n\t<\/div>\n\t<!-- end category_wrapper -->\n\n<\/li>\n\t\t\t<\/ul>\n\t\t<\/div><!-- .cell -->\n    <\/div><!-- .grid-x -->\n<\/div><!-- .grid-container --><\/div>[\/vc_column][\/vc_row][vc_row full_width=&#8221;stretch_row&#8221; css_animation=&#8221;none&#8221;][vc_column css_animation=&#8221;none&#8221;][vc_empty_space][vc_custom_heading text=&#8221;SIMPLESMENTE MARA&#8221; font_container=&#8221;tag:h3|text_align:center&#8221; use_theme_fonts=&#8221;yes&#8221; css=&#8221;.vc_custom_1716939537917{margin-bottom: 0px !important;}&#8221;][vc_empty_space height=&#8221;20px&#8221;]<div class=\"woocommerce columns-5\"><div class=\"grid-container\">\n\t<div class=\"grid-x grid-margin-x\">\n\t\t<div class=\"cell large-12\">\n\t\t\t<ul class=\"products columns-5 category-grid-layout-1 product-grid-layout-1 \">\n<li class=\"product-category product first\">\n\n\t<!-- begin category_wrapper -->\n\t<div class=\"category_wrapper\">\n\n\t\t<a aria-label=\"Visit product category Cole\u00e7\u00e3o Bot\u00e2nica\" href=\"https:\/\/maragracciano.com.br\/?product_cat=colecao-botanica\">\t\t\n\t\t<!-- begin category_image -->\n\t\t<div class=\"category_image\">\n\t\t\t<a href=\"https:\/\/maragracciano.com.br\/?product_cat=colecao-botanica\" class=\"category-image\">\n\t\t\t\t<img loading=\"lazy\" decoding=\"async\" src=\"https:\/\/maragracciano.com.br\/wp-content\/uploads\/2024\/05\/WhatsApp-Image-2024-05-28-at-9.41.39-PM-400x480.jpeg\" alt=\"Cole\u00e7\u00e3o Bot\u00e2nica\" width=\"400\" height=\"480\" \/>\t\n\t\t\t<\/a>\n\t\t<\/div>\n\t\t<!-- end category_image -->\n\n\t\t<!-- begin category_details -->\n\t\t\t<div class=\"category_details\">\n\n\t\t\t<a href=\"https:\/\/maragracciano.com.br\/?product_cat=colecao-botanica\">\n\n\t\t\t\t\n\t\t\t\t<div class=\"more-products\">6 produtos<\/div>\n\n\t\t\t\t<h2 class=\"category-title\">\n\t\t\t\t\tCole\u00e7\u00e3o Bot\u00e2nica\t\t\t\t\n\t\t\t\t<\/h2>\n\n\n\t\t\t<\/a>\t\t\t\n\n\t\t\t\t\t\t\n\t\t<\/div>\n\t\t<!-- end category_details -->\t\n\n\t\t<\/a>\n\t<\/div>\n\t<!-- end category_wrapper -->\n\n<\/li>\n<li class=\"product-category product\">\n\n\t<!-- begin category_wrapper -->\n\t<div class=\"category_wrapper\">\n\n\t\t<a aria-label=\"Visit product category Croch\u00ea\" href=\"https:\/\/maragracciano.com.br\/?product_cat=croche\">\t\t\n\t\t<!-- begin category_image -->\n\t\t<div class=\"category_image\">\n\t\t\t<a href=\"https:\/\/maragracciano.com.br\/?product_cat=croche\" class=\"category-image\">\n\t\t\t\t<img loading=\"lazy\" decoding=\"async\" src=\"https:\/\/maragracciano.com.br\/wp-content\/uploads\/2024\/12\/WhatsApp-Image-2024-12-10-at-9.11.46-PM-400x480.jpeg\" alt=\"Croch\u00ea\" width=\"400\" height=\"480\" \/>\t\n\t\t\t<\/a>\n\t\t<\/div>\n\t\t<!-- end category_image -->\n\n\t\t<!-- begin category_details -->\n\t\t\t<div class=\"category_details\">\n\n\t\t\t<a href=\"https:\/\/maragracciano.com.br\/?product_cat=croche\">\n\n\t\t\t\t\n\t\t\t\t<div class=\"more-products\">11 produtos<\/div>\n\n\t\t\t\t<h2 class=\"category-title\">\n\t\t\t\t\tCroch\u00ea\t\t\t\t\n\t\t\t\t<\/h2>\n\n\n\t\t\t<\/a>\t\t\t\n\n\t\t\t\t\t\t\n\t\t<\/div>\n\t\t<!-- end category_details -->\t\n\n\t\t<\/a>\n\t<\/div>\n\t<!-- end category_wrapper -->\n\n<\/li>\n<li class=\"product-category product\">\n\n\t<!-- begin category_wrapper -->\n\t<div class=\"category_wrapper\">\n\n\t\t<a aria-label=\"Visit product category Jarras\" href=\"https:\/\/maragracciano.com.br\/?product_cat=jarras\">\t\t\n\t\t<!-- begin category_image -->\n\t\t<div class=\"category_image\">\n\t\t\t<a href=\"https:\/\/maragracciano.com.br\/?product_cat=jarras\" class=\"category-image\">\n\t\t\t\t<img loading=\"lazy\" decoding=\"async\" src=\"https:\/\/maragracciano.com.br\/wp-content\/uploads\/2024\/05\/WhatsApp-Image-2024-05-28-at-9.53.39-PM-400x480.jpeg\" alt=\"Jarras\" width=\"400\" height=\"480\" \/>\t\n\t\t\t<\/a>\n\t\t<\/div>\n\t\t<!-- end category_image -->\n\n\t\t<!-- begin category_details -->\n\t\t\t<div class=\"category_details\">\n\n\t\t\t<a href=\"https:\/\/maragracciano.com.br\/?product_cat=jarras\">\n\n\t\t\t\t\n\t\t\t\t<div class=\"more-products\">4 produtos<\/div>\n\n\t\t\t\t<h2 class=\"category-title\">\n\t\t\t\t\tJarras\t\t\t\t\n\t\t\t\t<\/h2>\n\n\n\t\t\t<\/a>\t\t\t\n\n\t\t\t\t\t\t\n\t\t<\/div>\n\t\t<!-- end category_details -->\t\n\n\t\t<\/a>\n\t<\/div>\n\t<!-- end category_wrapper -->\n\n<\/li>\n<li class=\"product-category product\">\n\n\t<!-- begin category_wrapper -->\n\t<div class=\"category_wrapper\">\n\n\t\t<a aria-label=\"Visit product category Pratos\" href=\"https:\/\/maragracciano.com.br\/?product_cat=pratos\">\t\t\n\t\t<!-- begin category_image -->\n\t\t<div class=\"category_image\">\n\t\t\t<a href=\"https:\/\/maragracciano.com.br\/?product_cat=pratos\" class=\"category-image\">\n\t\t\t\t<img loading=\"lazy\" decoding=\"async\" src=\"https:\/\/maragracciano.com.br\/wp-content\/uploads\/2024\/12\/WhatsApp-Image-2024-12-11-at-11.27.00-PM-400x480.jpeg\" alt=\"Pratos\" width=\"400\" height=\"480\" \/>\t\n\t\t\t<\/a>\n\t\t<\/div>\n\t\t<!-- end category_image -->\n\n\t\t<!-- begin category_details -->\n\t\t\t<div class=\"category_details\">\n\n\t\t\t<a href=\"https:\/\/maragracciano.com.br\/?product_cat=pratos\">\n\n\t\t\t\t\n\t\t\t\t<div class=\"more-products\">11 produtos<\/div>\n\n\t\t\t\t<h2 class=\"category-title\">\n\t\t\t\t\tPratos\t\t\t\t\n\t\t\t\t<\/h2>\n\n\n\t\t\t<\/a>\t\t\t\n\n\t\t\t\t\t\t\n\t\t<\/div>\n\t\t<!-- end category_details -->\t\n\n\t\t<\/a>\n\t<\/div>\n\t<!-- end category_wrapper -->\n\n<\/li>\n<li class=\"product-category product last\">\n\n\t<!-- begin category_wrapper -->\n\t<div class=\"category_wrapper\">\n\n\t\t<a aria-label=\"Visit product category Ta\u00e7as\" href=\"https:\/\/maragracciano.com.br\/?product_cat=tacas\">\t\t\n\t\t<!-- begin category_image -->\n\t\t<div class=\"category_image\">\n\t\t\t<a href=\"https:\/\/maragracciano.com.br\/?product_cat=tacas\" class=\"category-image\">\n\t\t\t\t<img loading=\"lazy\" decoding=\"async\" src=\"https:\/\/maragracciano.com.br\/wp-content\/uploads\/2024\/05\/WhatsApp-Image-2024-05-18-at-11.45.24-AM-400x480.jpeg\" alt=\"Ta\u00e7as\" width=\"400\" height=\"480\" \/>\t\n\t\t\t<\/a>\n\t\t<\/div>\n\t\t<!-- end category_image -->\n\n\t\t<!-- begin category_details -->\n\t\t\t<div class=\"category_details\">\n\n\t\t\t<a href=\"https:\/\/maragracciano.com.br\/?product_cat=tacas\">\n\n\t\t\t\t\n\t\t\t\t<div class=\"more-products\">18 produtos<\/div>\n\n\t\t\t\t<h2 class=\"category-title\">\n\t\t\t\t\tTa\u00e7as\t\t\t\t\n\t\t\t\t<\/h2>\n\n\n\t\t\t<\/a>\t\t\t\n\n\t\t\t\t\t\t\n\t\t<\/div>\n\t\t<!-- end category_details -->\t\n\n\t\t<\/a>\n\t<\/div>\n\t<!-- end category_wrapper -->\n\n<\/li>\n<li class=\"product-category product first\">\n\n\t<!-- begin category_wrapper -->\n\t<div class=\"category_wrapper\">\n\n\t\t<a aria-label=\"Visit product category X\u00edcaras\" href=\"https:\/\/maragracciano.com.br\/?product_cat=xicaras\">\t\t\n\t\t<!-- begin category_image -->\n\t\t<div class=\"category_image\">\n\t\t\t<a href=\"https:\/\/maragracciano.com.br\/?product_cat=xicaras\" class=\"category-image\">\n\t\t\t\t<img loading=\"lazy\" decoding=\"async\" src=\"https:\/\/maragracciano.com.br\/wp-content\/uploads\/2024\/08\/WhatsApp-Image-2024-08-29-at-11.53.03-AM-400x480.jpeg\" alt=\"X\u00edcaras\" width=\"400\" height=\"480\" \/>\t\n\t\t\t<\/a>\n\t\t<\/div>\n\t\t<!-- end category_image -->\n\n\t\t<!-- begin category_details -->\n\t\t\t<div class=\"category_details\">\n\n\t\t\t<a href=\"https:\/\/maragracciano.com.br\/?product_cat=xicaras\">\n\n\t\t\t\t\n\t\t\t\t<div class=\"more-products\">4 produtos<\/div>\n\n\t\t\t\t<h2 class=\"category-title\">\n\t\t\t\t\tX\u00edcaras\t\t\t\t\n\t\t\t\t<\/h2>\n\n\n\t\t\t<\/a>\t\t\t\n\n\t\t\t\t\t\t\n\t\t<\/div>\n\t\t<!-- end category_details -->\t\n\n\t\t<\/a>\n\t<\/div>\n\t<!-- end category_wrapper -->\n\n<\/li>\n\t\t\t<\/ul>\n\t\t<\/div><!-- .cell -->\n    <\/div><!-- .grid-x -->\n<\/div><!-- .grid-container --><\/div>[\/vc_column][\/vc_row]<\/p>\n<\/div>","protected":false},"excerpt":{"rendered":"<p>[vc_row full_width=&#8221;stretch_row_content&#8221; el_class=&#8221;home-slider&#8221;][vc_column css=&#8221;.vc_custom_1735225178368{background-image: url(https:\/\/maragracciano.com.br\/wp-content\/uploads\/2024\/12\/WhatsApp-Image-2024-12-26-at-11.58.31-AM.jpeg?id=4588) !important;background-position: center !important;background-repeat: no-repeat !important;background-size: cover !important;}&#8221;][vc_empty_space height=&#8221;15em&#8221;][vc_column_text el_class=&#8221;text-light&#8221;]Inspirada na imagina\u00e7\u00e3o de um jardim com\u2026<\/p>\n","protected":false},"author":1,"featured_media":0,"parent":0,"menu_order":0,"comment_status":"closed","ping_status":"closed","template":"","meta":{"footnotes":""},"acf":[],"_links":{"self":[{"href":"https:\/\/maragracciano.com.br\/index.php?rest_route=\/wp\/v2\/pages\/3488"}],"collection":[{"href":"https:\/\/maragracciano.com.br\/index.php?rest_route=\/wp\/v2\/pages"}],"about":[{"href":"https:\/\/maragracciano.com.br\/index.php?rest_route=\/wp\/v2\/types\/page"}],"author":[{"embeddable":true,"href":"https:\/\/maragracciano.com.br\/index.php?rest_route=\/wp\/v2\/users\/1"}],"replies":[{"embeddable":true,"href":"https:\/\/maragracciano.com.br\/index.php?rest_route=%2Fwp%2Fv2%2Fcomments&post=3488"}],"version-history":[{"count":117,"href":"https:\/\/maragracciano.com.br\/index.php?rest_route=\/wp\/v2\/pages\/3488\/revisions"}],"predecessor-version":[{"id":4638,"href":"https:\/\/maragracciano.com.br\/index.php?rest_route=\/wp\/v2\/pages\/3488\/revisions\/4638"}],"wp:attachment":[{"href":"https:\/\/maragracciano.com.br\/index.php?rest_route=%2Fwp%2Fv2%2Fmedia&parent=3488"}],"curies":[{"name":"wp","href":"https:\/\/api.w.org\/{rel}","templated":true}]}}