{"id":3673,"date":"2018-11-06T17:29:45","date_gmt":"2018-11-06T17:29:45","guid":{"rendered":"https:\/\/barberry.temash.dev\/furnituredemo\/?page_id=3673"},"modified":"2024-06-17T17:51:19","modified_gmt":"2024-06-17T20:51:19","slug":"about-us-dark","status":"publish","type":"page","link":"https:\/\/maragracciano.com.br\/?page_id=3673","title":{"rendered":"Sobre mim &#8211; Mara Gracciano"},"content":{"rendered":"<div class=\"wpb-content-wrapper\"><p>[vc_row full_width=&#8221;stretch_row_content_no_spaces&#8221; full_height=&#8221;yes&#8221; content_placement=&#8221;middle&#8221; css=&#8221;.vc_custom_1718589054869{background-color: #ffffff !important;}&#8221;][vc_column offset=&#8221;vc_col-lg-12 vc_col-md-12&#8243;][vc_row_inner][vc_column_inner width=&#8221;1\/6&#8243;][\/vc_column_inner][vc_column_inner width=&#8221;2\/3&#8243; css=&#8221;.vc_custom_1541268784127{padding-right: 15% !important;padding-left: 15% !important;}&#8221; offset=&#8221;vc_hidden-sm vc_hidden-xs&#8221;][vc_custom_heading text=&#8221;&#8221; font_container=&#8221;tag:h1|text_align:left|color:%23ffffff|line_height:55px&#8221; use_theme_fonts=&#8221;yes&#8221; css=&#8221;.vc_custom_1718588488663{margin-top: 2em !important;}&#8221;][vc_custom_heading text=&#8221;Moro em Fortaleza,mas morei em v\u00e1rias regi\u00f5es do Brasil: Bel\u00e9m, Cuiab\u00e1, Recife, Bras\u00edlia&#8230; Lugares onde deixei v\u00e1rios amigos e parentes, e onde aprendi a reconhecer as maravilhas de nosso pa\u00eds.&#8221; font_container=&#8221;tag:p|font_size:24px|text_align:left|color:%23333333|line_height:40px&#8221; use_theme_fonts=&#8221;yes&#8221;][\/vc_column_inner][\/vc_row_inner][vc_row_inner][vc_column_inner width=&#8221;1\/6&#8243;][\/vc_column_inner][vc_column_inner width=&#8221;2\/3&#8243; css=&#8221;.vc_custom_1715559856709{padding-right: 15% !important;padding-left: 15% !important;}&#8221;][vc_custom_heading text=&#8221;&#8221; font_container=&#8221;tag:h4|font_size:12px|text_align:left|color:%23cba14a|line_height:12px&#8221; use_theme_fonts=&#8221;yes&#8221; el_class=&#8221;l-spacing-title&#8221; css=&#8221;.vc_custom_1717904680841{margin-bottom: 20px !important;}&#8221;][vc_custom_heading text=&#8221;Em Fortaleza fiz minha carreira jur\u00eddica. Em janeiro de 2020, diversos momentos de reflex\u00e3o me permitiram conhecer e vivenciar novas experi\u00eancias profissionais. Logo veio a pandemia, e foi dada a largada.&#8221; font_container=&#8221;tag:p|text_align:left|color:%23333333&#8243; use_theme_fonts=&#8221;yes&#8221;][\/vc_column_inner][\/vc_row_inner][vc_row_inner][vc_column_inner width=&#8221;1\/6&#8243;][\/vc_column_inner][vc_column_inner width=&#8221;2\/3&#8243; css=&#8221;.vc_custom_1715559856709{padding-right: 15% !important;padding-left: 15% !important;}&#8221;][vc_masonry_media_grid grid_id=&#8221;vc_gid:1718657395826-24daa7f331a074cb5be1f12edce408bd-2&#8243; include=&#8221;4163,4162,4249&#8243;][vc_custom_heading text=&#8221;&#8221; font_container=&#8221;tag:h4|font_size:12px|text_align:left|color:%23cba14a|line_height:12px&#8221; use_theme_fonts=&#8221;yes&#8221; el_class=&#8221;l-spacing-title&#8221; css=&#8221;.vc_custom_1717904680841{margin-bottom: 20px !important;}&#8221;][\/vc_column_inner][vc_column_inner width=&#8221;1\/6&#8243;][\/vc_column_inner][\/vc_row_inner][\/vc_column][\/vc_row][vc_row full_width=&#8221;stretch_row_content&#8221; content_placement=&#8221;top&#8221; css=&#8221;.vc_custom_1718589295909{background-color: #fcfcfc !important;background-position: center !important;background-repeat: no-repeat !important;background-size: cover !important;}&#8221;][vc_column css_animation=&#8221;fadeIn&#8221; css=&#8221;.vc_custom_1718589505784{background-position: center !important;background-repeat: no-repeat !important;background-size: cover !important;}&#8221;][vc_row_inner][vc_column_inner width=&#8221;1\/6&#8243;][\/vc_column_inner][vc_column_inner width=&#8221;2\/3&#8243; css=&#8221;.vc_custom_1718589663251{padding-right: 15% !important;padding-left: 15% !important;}&#8221;][vc_empty_space height=&#8221;8vw&#8221;][vc_custom_heading text=&#8221;A BUSCA PELA PERFEI\u00c7\u00c3O&#8221; font_container=&#8221;tag:h4|font_size:12px|text_align:left|color:%23cba14a|line_height:12px&#8221; use_theme_fonts=&#8221;yes&#8221; el_class=&#8221;l-spacing-title&#8221;][vc_custom_heading text=&#8221;Se antes j\u00e1 havia feito cursos de design de j\u00f3ias, croch\u00eas, entre outros. Pois bem, em mar\u00e7o de 2021, resolvi abrir minha empresa e me aventurar no mundo da porcelana.<br \/>\nDe l\u00e1 pra c\u00e1, j\u00e1 houveram v\u00e1rios cursos, muitas amizades e muitas pe\u00e7as pintadas e vendidas no Brasil, como tambem no exterior.<br \/>\nS\u00e3o pe\u00e7as feitas exclusicamente a m\u00e3o, com muito carinho, e algumas com meses para ficarem prontas.<br \/>\nO mais maravilhoso de todo o esfor\u00e7o empreendido \u00e9 que sempre existir\u00e1 busca pela perfei\u00e7\u00e3o, quase imposs\u00edvel de se atingir. Talvez por isso \u00e9 que seja arte!&#8221; font_container=&#8221;tag:p|font_size:24px|text_align:left|color:%23222222|line_height:40px&#8221; use_theme_fonts=&#8221;yes&#8221;][vc_empty_space height=&#8221;20px&#8221;][vc_single_image image=&#8221;4249&#8243; img_size=&#8221;full&#8221;][\/vc_column_inner][vc_column_inner width=&#8221;1\/3&#8243;][\/vc_column_inner][\/vc_row_inner][\/vc_column][\/vc_row]<\/p>\n<\/div>","protected":false},"excerpt":{"rendered":"<p>[vc_row full_width=&#8221;stretch_row_content_no_spaces&#8221; full_height=&#8221;yes&#8221; content_placement=&#8221;middle&#8221; css=&#8221;.vc_custom_1718589054869{background-color: #ffffff !important;}&#8221;][vc_column offset=&#8221;vc_col-lg-12 vc_col-md-12&#8243;][vc_row_inner][vc_column_inner width=&#8221;1\/6&#8243;][\/vc_column_inner][vc_column_inner width=&#8221;2\/3&#8243; css=&#8221;.vc_custom_1541268784127{padding-right: 15% !important;padding-left: 15% !important;}&#8221; offset=&#8221;vc_hidden-sm vc_hidden-xs&#8221;][vc_custom_heading text=&#8221;&#8221; font_container=&#8221;tag:h1|text_align:left|color:%23ffffff|line_height:55px&#8221;\u2026<\/p>\n","protected":false},"author":1,"featured_media":4085,"parent":0,"menu_order":0,"comment_status":"closed","ping_status":"closed","template":"","meta":{"footnotes":""},"acf":[],"_links":{"self":[{"href":"https:\/\/maragracciano.com.br\/index.php?rest_route=\/wp\/v2\/pages\/3673"}],"collection":[{"href":"https:\/\/maragracciano.com.br\/index.php?rest_route=\/wp\/v2\/pages"}],"about":[{"href":"https:\/\/maragracciano.com.br\/index.php?rest_route=\/wp\/v2\/types\/page"}],"author":[{"embeddable":true,"href":"https:\/\/maragracciano.com.br\/index.php?rest_route=\/wp\/v2\/users\/1"}],"replies":[{"embeddable":true,"href":"https:\/\/maragracciano.com.br\/index.php?rest_route=%2Fwp%2Fv2%2Fcomments&post=3673"}],"version-history":[{"count":29,"href":"https:\/\/maragracciano.com.br\/index.php?rest_route=\/wp\/v2\/pages\/3673\/revisions"}],"predecessor-version":[{"id":4385,"href":"https:\/\/maragracciano.com.br\/index.php?rest_route=\/wp\/v2\/pages\/3673\/revisions\/4385"}],"wp:featuredmedia":[{"embeddable":true,"href":"https:\/\/maragracciano.com.br\/index.php?rest_route=\/wp\/v2\/media\/4085"}],"wp:attachment":[{"href":"https:\/\/maragracciano.com.br\/index.php?rest_route=%2Fwp%2Fv2%2Fmedia&parent=3673"}],"curies":[{"name":"wp","href":"https:\/\/api.w.org\/{rel}","templated":true}]}}