{"id":3890,"date":"2024-04-01T22:15:09","date_gmt":"2024-04-02T01:15:09","guid":{"rendered":"https:\/\/maragracciano.com.br\/?post_type=product&#038;p=3890"},"modified":"2024-12-10T21:32:37","modified_gmt":"2024-12-11T00:32:37","slug":"set-06-pratos-sobremesa","status":"publish","type":"product","link":"https:\/\/maragracciano.com.br\/?product=set-06-pratos-sobremesa","title":{"rendered":"Set 06 Pratos Sobremesa Cole\u00e7\u00e3o Renda"},"content":{"rendered":"<p>Set com seis pratos de sobremesa da Cole\u00e7\u00e3o Renda. Inspirada nas Rendas do Cear\u00e1 , em sua cultura, seu povo alegre nasceu esse projeto de pratos com motivo renda em v\u00e1rias cores para traduzir a alegria desse lugar. Todo feito a m\u00e3o com cores diferentes e filetado a ouro, procuro trazer a simplicidade e exuber\u00e2ncia de tal arte.<\/p>\n<p><img loading=\"lazy\" decoding=\"async\" class=\"alignnone size-full wp-image-4416\" src=\"https:\/\/maragracciano.com.br\/wp-content\/uploads\/2024\/04\/WhatsApp-Image-2024-08-15-at-4.24.08-PM-1.jpeg\" alt=\"\" width=\"1280\" height=\"960\" \/><\/p>\n","protected":false},"excerpt":{"rendered":"<p>Prato de sobremesa em porcelana com 21 cm.<\/p>\n<p>N\u00e3o utilizar microondas.<\/p>\n<p>N\u00e3o utilizar lava-lou\u00e7a.<\/p>\n<p>Lavar com detergente e esponja macia.<\/p>\n","protected":false},"featured_media":4416,"template":"","meta":[],"product_cat":[193],"product_tag":[186],"acf":[],"_links":{"self":[{"href":"https:\/\/maragracciano.com.br\/index.php?rest_route=\/wp\/v2\/product\/3890"}],"collection":[{"href":"https:\/\/maragracciano.com.br\/index.php?rest_route=\/wp\/v2\/product"}],"about":[{"href":"https:\/\/maragracciano.com.br\/index.php?rest_route=\/wp\/v2\/types\/product"}],"wp:featuredmedia":[{"embeddable":true,"href":"https:\/\/maragracciano.com.br\/index.php?rest_route=\/wp\/v2\/media\/4416"}],"wp:attachment":[{"href":"https:\/\/maragracciano.com.br\/index.php?rest_route=%2Fwp%2Fv2%2Fmedia&parent=3890"}],"wp:term":[{"taxonomy":"product_cat","embeddable":true,"href":"https:\/\/maragracciano.com.br\/index.php?rest_route=%2Fwp%2Fv2%2Fproduct_cat&post=3890"},{"taxonomy":"product_tag","embeddable":true,"href":"https:\/\/maragracciano.com.br\/index.php?rest_route=%2Fwp%2Fv2%2Fproduct_tag&post=3890"}],"curies":[{"name":"wp","href":"https:\/\/api.w.org\/{rel}","templated":true}]}}