{"id":3940,"date":"2024-04-27T10:09:20","date_gmt":"2024-04-27T13:09:20","guid":{"rendered":"https:\/\/maragracciano.com.br\/?post_type=product&#038;p=3940"},"modified":"2024-09-04T10:32:06","modified_gmt":"2024-09-04T13:32:06","slug":"sousplast-colecao-flores-douro","status":"publish","type":"product","link":"https:\/\/maragracciano.com.br\/?product=sousplast-colecao-flores-douro","title":{"rendered":"Sousplast Flores Douro"},"content":{"rendered":"<p>Souplast inspirado no Pal\u00e1cio Hofburg em Viena, onde predomina o glamour das ricas pe\u00e7as da Sissi a Imperatriz. Pe\u00e7as ricas em ouro, coloridas e elegantes que impressionam pelo seu estilo at\u00e9 os dias atuais. Ficaram marcadas em minha mem\u00f3ria.<\/p>\n<p>&nbsp;<\/p>\n","protected":false},"excerpt":{"rendered":"<p>Souplast em porcelana<\/p>\n<p>medidas 33 cm.<\/p>\n<p>N\u00e3o utilizar lava-lou\u00e7a.<\/p>\n<p>N\u00e3o utilizar micro-ondas.<\/p>\n<p>Utilizar detergente neutro e esponja macia.<\/p>\n","protected":false},"featured_media":3941,"template":"","meta":[],"product_cat":[193],"product_tag":[],"acf":[],"_links":{"self":[{"href":"https:\/\/maragracciano.com.br\/index.php?rest_route=\/wp\/v2\/product\/3940"}],"collection":[{"href":"https:\/\/maragracciano.com.br\/index.php?rest_route=\/wp\/v2\/product"}],"about":[{"href":"https:\/\/maragracciano.com.br\/index.php?rest_route=\/wp\/v2\/types\/product"}],"wp:featuredmedia":[{"embeddable":true,"href":"https:\/\/maragracciano.com.br\/index.php?rest_route=\/wp\/v2\/media\/3941"}],"wp:attachment":[{"href":"https:\/\/maragracciano.com.br\/index.php?rest_route=%2Fwp%2Fv2%2Fmedia&parent=3940"}],"wp:term":[{"taxonomy":"product_cat","embeddable":true,"href":"https:\/\/maragracciano.com.br\/index.php?rest_route=%2Fwp%2Fv2%2Fproduct_cat&post=3940"},{"taxonomy":"product_tag","embeddable":true,"href":"https:\/\/maragracciano.com.br\/index.php?rest_route=%2Fwp%2Fv2%2Fproduct_tag&post=3940"}],"curies":[{"name":"wp","href":"https:\/\/api.w.org\/{rel}","templated":true}]}}