{"id":3944,"date":"2024-04-27T10:14:26","date_gmt":"2024-04-27T13:14:26","guid":{"rendered":"https:\/\/maragracciano.com.br\/?post_type=product&#038;p=3944"},"modified":"2024-09-04T10:29:14","modified_gmt":"2024-09-04T13:29:14","slug":"set-2-pratos-colecao-botanica-azul","status":"publish","type":"product","link":"https:\/\/maragracciano.com.br\/?product=set-2-pratos-colecao-botanica-azul","title":{"rendered":"Set 02 Pratos Cole\u00e7\u00e3o Bot\u00e2nica (Azul)"},"content":{"rendered":"<p>Na cole\u00e7\u00e3o Bot\u00e2nica n\u00e3o poderia faltar as hort\u00eansias, elas dominam o cen\u00e1rio para os amantes da bot\u00e2nica. Cada flor foi pensada e inspirada para demonstrar o quanto \u00e9 lindo e chique uma mesa dominada pelas flores. Prato sobremesa hort\u00eansia pintada a m\u00e3o com ricos detalhes em ouro. O prato raso pintado com tinta azul e delicadas folhas em ouro faz a composi\u00e7\u00e3o perfeita.<\/p>\n","protected":false},"excerpt":{"rendered":"<p>Prato em porcelana raso 28 cm.<\/p>\n<p>Prato em porcelana sobremesa 21 cm.<\/p>\n<p>N\u00e3o fazer uso de micro-ondas.<\/p>\n<p>N\u00e3o fazer uso de lava-lou\u00e7as.<\/p>\n<p>Lavar com detergente neutro.<\/p>\n","protected":false},"featured_media":4275,"template":"","meta":[],"product_cat":[206],"product_tag":[],"acf":[],"_links":{"self":[{"href":"https:\/\/maragracciano.com.br\/index.php?rest_route=\/wp\/v2\/product\/3944"}],"collection":[{"href":"https:\/\/maragracciano.com.br\/index.php?rest_route=\/wp\/v2\/product"}],"about":[{"href":"https:\/\/maragracciano.com.br\/index.php?rest_route=\/wp\/v2\/types\/product"}],"wp:featuredmedia":[{"embeddable":true,"href":"https:\/\/maragracciano.com.br\/index.php?rest_route=\/wp\/v2\/media\/4275"}],"wp:attachment":[{"href":"https:\/\/maragracciano.com.br\/index.php?rest_route=%2Fwp%2Fv2%2Fmedia&parent=3944"}],"wp:term":[{"taxonomy":"product_cat","embeddable":true,"href":"https:\/\/maragracciano.com.br\/index.php?rest_route=%2Fwp%2Fv2%2Fproduct_cat&post=3944"},{"taxonomy":"product_tag","embeddable":true,"href":"https:\/\/maragracciano.com.br\/index.php?rest_route=%2Fwp%2Fv2%2Fproduct_tag&post=3944"}],"curies":[{"name":"wp","href":"https:\/\/api.w.org\/{rel}","templated":true}]}}