{"id":3950,"date":"2024-04-27T10:21:32","date_gmt":"2024-04-27T13:21:32","guid":{"rendered":"https:\/\/maragracciano.com.br\/?post_type=product&#038;p=3950"},"modified":"2024-12-11T15:47:02","modified_gmt":"2024-12-11T18:47:02","slug":"copo-colecao-positano","status":"publish","type":"product","link":"https:\/\/maragracciano.com.br\/?product=copo-colecao-positano","title":{"rendered":"Set 04 Copos Positano"},"content":{"rendered":"<p><img loading=\"lazy\" decoding=\"async\" class=\"alignnone size-full wp-image-4289\" src=\"https:\/\/maragracciano.com.br\/wp-content\/uploads\/2024\/04\/WhatsApp-Image-2024-05-31-at-7.09.29-AM.jpeg\" alt=\"\" width=\"1280\" height=\"960\" \/>Copos vidro Positano pintado a m\u00e3o com predomin\u00e2ncia da tinta azul em sua borda, inspirado no charme do velho mundo, com sua alegria e descontra\u00e7\u00e3o com cores vibrantes no contexto de positividade e charme do mediterr\u00e2neo.<\/p>\n","protected":false},"excerpt":{"rendered":"<p>Copo em vidro fino.<\/p>\n<p>N\u00e3o fazer uso do micro-ondas e da lava-lou\u00e7a.<\/p>\n<p>Capaacidade 300ml de l\u00edquido.<\/p>\n<p>&nbsp;<\/p>\n","protected":false},"featured_media":4289,"template":"","meta":[],"product_cat":[15],"product_tag":[],"acf":[],"_links":{"self":[{"href":"https:\/\/maragracciano.com.br\/index.php?rest_route=\/wp\/v2\/product\/3950"}],"collection":[{"href":"https:\/\/maragracciano.com.br\/index.php?rest_route=\/wp\/v2\/product"}],"about":[{"href":"https:\/\/maragracciano.com.br\/index.php?rest_route=\/wp\/v2\/types\/product"}],"wp:featuredmedia":[{"embeddable":true,"href":"https:\/\/maragracciano.com.br\/index.php?rest_route=\/wp\/v2\/media\/4289"}],"wp:attachment":[{"href":"https:\/\/maragracciano.com.br\/index.php?rest_route=%2Fwp%2Fv2%2Fmedia&parent=3950"}],"wp:term":[{"taxonomy":"product_cat","embeddable":true,"href":"https:\/\/maragracciano.com.br\/index.php?rest_route=%2Fwp%2Fv2%2Fproduct_cat&post=3950"},{"taxonomy":"product_tag","embeddable":true,"href":"https:\/\/maragracciano.com.br\/index.php?rest_route=%2Fwp%2Fv2%2Fproduct_tag&post=3950"}],"curies":[{"name":"wp","href":"https:\/\/api.w.org\/{rel}","templated":true}]}}