{"id":3973,"date":"2024-04-29T18:28:53","date_gmt":"2024-04-29T21:28:53","guid":{"rendered":"https:\/\/maragracciano.com.br\/?post_type=product&#038;p=3973"},"modified":"2024-12-10T21:33:26","modified_gmt":"2024-12-11T00:33:26","slug":"boleira-colecao-renda","status":"publish","type":"product","link":"https:\/\/maragracciano.com.br\/?product=boleira-colecao-renda","title":{"rendered":"Boleira Cole\u00e7\u00e3o Renda"},"content":{"rendered":"<p><img loading=\"lazy\" decoding=\"async\" class=\"alignnone size-full wp-image-4417\" src=\"https:\/\/maragracciano.com.br\/wp-content\/uploads\/2024\/04\/WhatsApp-Image-2024-08-15-at-4.32.32-PM.jpeg\" alt=\"\" width=\"960\" height=\"1280\" \/>Boleira da Cole\u00e7\u00e3o Renda pintada a m\u00e3o na cor azul com filetes em ouro.<\/p>\n<p>&nbsp;<\/p>\n","protected":false},"excerpt":{"rendered":"<p>Boleira em porcelana.<\/p>\n<p>Medidas: 30 cm de di\u00e2metro por 10 cm de altura.<\/p>\n<p>N\u00e3o utilizar lava -lou\u00e7a.<\/p>\n<p>N\u00e3o utilizar micro-ondas.<\/p>\n<p>Lavar com detergente neutro e esponja macia.<\/p>\n","protected":false},"featured_media":4417,"template":"","meta":[],"product_cat":[193],"product_tag":[],"acf":[],"_links":{"self":[{"href":"https:\/\/maragracciano.com.br\/index.php?rest_route=\/wp\/v2\/product\/3973"}],"collection":[{"href":"https:\/\/maragracciano.com.br\/index.php?rest_route=\/wp\/v2\/product"}],"about":[{"href":"https:\/\/maragracciano.com.br\/index.php?rest_route=\/wp\/v2\/types\/product"}],"wp:featuredmedia":[{"embeddable":true,"href":"https:\/\/maragracciano.com.br\/index.php?rest_route=\/wp\/v2\/media\/4417"}],"wp:attachment":[{"href":"https:\/\/maragracciano.com.br\/index.php?rest_route=%2Fwp%2Fv2%2Fmedia&parent=3973"}],"wp:term":[{"taxonomy":"product_cat","embeddable":true,"href":"https:\/\/maragracciano.com.br\/index.php?rest_route=%2Fwp%2Fv2%2Fproduct_cat&post=3973"},{"taxonomy":"product_tag","embeddable":true,"href":"https:\/\/maragracciano.com.br\/index.php?rest_route=%2Fwp%2Fv2%2Fproduct_tag&post=3973"}],"curies":[{"name":"wp","href":"https:\/\/api.w.org\/{rel}","templated":true}]}}