{"id":4107,"date":"2024-05-16T17:46:03","date_gmt":"2024-05-16T20:46:03","guid":{"rendered":"https:\/\/maragracciano.com.br\/?post_type=product&#038;p=4107"},"modified":"2024-12-12T15:08:01","modified_gmt":"2024-12-12T18:08:01","slug":"sopeira-colecao-jardim-tropical","status":"publish","type":"product","link":"https:\/\/maragracciano.com.br\/?product=sopeira-colecao-jardim-tropical","title":{"rendered":"Sopeira Cole\u00e7\u00e3o Jardim Tropical"},"content":{"rendered":"<p><img loading=\"lazy\" decoding=\"async\" class=\"alignnone size-full wp-image-4108\" src=\"https:\/\/maragracciano.com.br\/wp-content\/uploads\/2024\/05\/WhatsApp-Image-2024-05-16-at-4.03.33-PM.jpeg\" alt=\"\" width=\"1512\" height=\"1512\" \/><\/p>\n","protected":false},"excerpt":{"rendered":"<p>Sopeira em porcelana 4L.<\/p>\n<p>Acompanha prato e concha para servir.<\/p>\n<p>N\u00e3o utilizar micro-ondas.<\/p>\n<p>N\u00e3o utilizar m\u00e1quina de lavar lou\u00e7a.<\/p>\n<p>Utilizar esponja macia e detergente neutro.<\/p>\n","protected":false},"featured_media":4108,"template":"","meta":[],"product_cat":[204],"product_tag":[],"acf":[],"_links":{"self":[{"href":"https:\/\/maragracciano.com.br\/index.php?rest_route=\/wp\/v2\/product\/4107"}],"collection":[{"href":"https:\/\/maragracciano.com.br\/index.php?rest_route=\/wp\/v2\/product"}],"about":[{"href":"https:\/\/maragracciano.com.br\/index.php?rest_route=\/wp\/v2\/types\/product"}],"wp:featuredmedia":[{"embeddable":true,"href":"https:\/\/maragracciano.com.br\/index.php?rest_route=\/wp\/v2\/media\/4108"}],"wp:attachment":[{"href":"https:\/\/maragracciano.com.br\/index.php?rest_route=%2Fwp%2Fv2%2Fmedia&parent=4107"}],"wp:term":[{"taxonomy":"product_cat","embeddable":true,"href":"https:\/\/maragracciano.com.br\/index.php?rest_route=%2Fwp%2Fv2%2Fproduct_cat&post=4107"},{"taxonomy":"product_tag","embeddable":true,"href":"https:\/\/maragracciano.com.br\/index.php?rest_route=%2Fwp%2Fv2%2Fproduct_tag&post=4107"}],"curies":[{"name":"wp","href":"https:\/\/api.w.org\/{rel}","templated":true}]}}