{"id":4109,"date":"2024-05-16T17:51:44","date_gmt":"2024-05-16T20:51:44","guid":{"rendered":"https:\/\/maragracciano.com.br\/?post_type=product&#038;p=4109"},"modified":"2024-09-04T10:13:26","modified_gmt":"2024-09-04T13:13:26","slug":"bule-colecao-jardim-tropical","status":"publish","type":"product","link":"https:\/\/maragracciano.com.br\/?product=bule-colecao-jardim-tropical","title":{"rendered":"Bule de Caf\u00e9 Cole\u00e7\u00e3o Jardim Tropical"},"content":{"rendered":"<p><img loading=\"lazy\" decoding=\"async\" class=\"alignnone size-full wp-image-4110\" src=\"https:\/\/maragracciano.com.br\/wp-content\/uploads\/2024\/05\/WhatsApp-Image-2024-05-16-at-4.02.57-PM.jpeg\" alt=\"\" width=\"1512\" height=\"2016\" \/><\/p>\n","protected":false},"excerpt":{"rendered":"","protected":false},"featured_media":4110,"template":"","meta":[],"product_cat":[204],"product_tag":[],"acf":[],"_links":{"self":[{"href":"https:\/\/maragracciano.com.br\/index.php?rest_route=\/wp\/v2\/product\/4109"}],"collection":[{"href":"https:\/\/maragracciano.com.br\/index.php?rest_route=\/wp\/v2\/product"}],"about":[{"href":"https:\/\/maragracciano.com.br\/index.php?rest_route=\/wp\/v2\/types\/product"}],"wp:featuredmedia":[{"embeddable":true,"href":"https:\/\/maragracciano.com.br\/index.php?rest_route=\/wp\/v2\/media\/4110"}],"wp:attachment":[{"href":"https:\/\/maragracciano.com.br\/index.php?rest_route=%2Fwp%2Fv2%2Fmedia&parent=4109"}],"wp:term":[{"taxonomy":"product_cat","embeddable":true,"href":"https:\/\/maragracciano.com.br\/index.php?rest_route=%2Fwp%2Fv2%2Fproduct_cat&post=4109"},{"taxonomy":"product_tag","embeddable":true,"href":"https:\/\/maragracciano.com.br\/index.php?rest_route=%2Fwp%2Fv2%2Fproduct_tag&post=4109"}],"curies":[{"name":"wp","href":"https:\/\/api.w.org\/{rel}","templated":true}]}}