{"id":4133,"date":"2024-05-17T10:31:01","date_gmt":"2024-05-17T13:31:01","guid":{"rendered":"https:\/\/maragracciano.com.br\/?post_type=product&#038;p=4133"},"modified":"2024-09-04T10:08:00","modified_gmt":"2024-09-04T13:08:00","slug":"xicaras-de-cha-colecao-jardim-tropical","status":"publish","type":"product","link":"https:\/\/maragracciano.com.br\/?product=xicaras-de-cha-colecao-jardim-tropical","title":{"rendered":"Xicaras de Ch\u00e1 Cole\u00e7\u00e3o Jardim Tropical"},"content":{"rendered":"<p><img loading=\"lazy\" decoding=\"async\" class=\"alignnone size-full wp-image-4134\" src=\"https:\/\/maragracciano.com.br\/wp-content\/uploads\/2024\/05\/WhatsApp-Image-2024-05-16-at-4.04.52-PM.jpeg\" alt=\"\" width=\"1512\" height=\"2016\" \/><\/p>\n","protected":false},"excerpt":{"rendered":"<p>Xicara em Porcelana de Ch\u00e1.<\/p>\n<p>N\u00e3o utilizar lava-lou\u00e7a.<\/p>\n<p>N\u00e3o utilizar micro-ondas.<\/p>\n<p>Utilizar esponja macia e detergente neutro.<\/p>\n","protected":false},"featured_media":4134,"template":"","meta":[],"product_cat":[204],"product_tag":[],"acf":[],"_links":{"self":[{"href":"https:\/\/maragracciano.com.br\/index.php?rest_route=\/wp\/v2\/product\/4133"}],"collection":[{"href":"https:\/\/maragracciano.com.br\/index.php?rest_route=\/wp\/v2\/product"}],"about":[{"href":"https:\/\/maragracciano.com.br\/index.php?rest_route=\/wp\/v2\/types\/product"}],"wp:featuredmedia":[{"embeddable":true,"href":"https:\/\/maragracciano.com.br\/index.php?rest_route=\/wp\/v2\/media\/4134"}],"wp:attachment":[{"href":"https:\/\/maragracciano.com.br\/index.php?rest_route=%2Fwp%2Fv2%2Fmedia&parent=4133"}],"wp:term":[{"taxonomy":"product_cat","embeddable":true,"href":"https:\/\/maragracciano.com.br\/index.php?rest_route=%2Fwp%2Fv2%2Fproduct_cat&post=4133"},{"taxonomy":"product_tag","embeddable":true,"href":"https:\/\/maragracciano.com.br\/index.php?rest_route=%2Fwp%2Fv2%2Fproduct_tag&post=4133"}],"curies":[{"name":"wp","href":"https:\/\/api.w.org\/{rel}","templated":true}]}}