{"id":4137,"date":"2024-05-17T10:38:12","date_gmt":"2024-05-17T13:38:12","guid":{"rendered":"https:\/\/maragracciano.com.br\/?post_type=product&#038;p=4137"},"modified":"2024-09-04T10:06:15","modified_gmt":"2024-09-04T13:06:15","slug":"acucareiro-colecao-jardim-tropical","status":"publish","type":"product","link":"https:\/\/maragracciano.com.br\/?product=acucareiro-colecao-jardim-tropical","title":{"rendered":"A\u00e7ucareiro Cole\u00e7\u00e3o Jardim Tropical"},"content":{"rendered":"<p><img loading=\"lazy\" decoding=\"async\" class=\"alignnone size-full wp-image-4138\" src=\"https:\/\/maragracciano.com.br\/wp-content\/uploads\/2024\/05\/WhatsApp-Image-2024-05-16-at-4.03.57-PM.jpeg\" alt=\"\" width=\"1512\" height=\"1512\" \/><\/p>\n","protected":false},"excerpt":{"rendered":"<p>A\u00e7ucareiro em Porcelana acompanha colher.<\/p>\n<p>N\u00e3o utilizar lava-lou\u00e7a.<\/p>\n<p>N\u00e3o utilizar micro-ondas.<\/p>\n<p>Utilizar esponja macia e detergente neutro<\/p>\n","protected":false},"featured_media":4138,"template":"","meta":[],"product_cat":[204],"product_tag":[],"acf":[],"_links":{"self":[{"href":"https:\/\/maragracciano.com.br\/index.php?rest_route=\/wp\/v2\/product\/4137"}],"collection":[{"href":"https:\/\/maragracciano.com.br\/index.php?rest_route=\/wp\/v2\/product"}],"about":[{"href":"https:\/\/maragracciano.com.br\/index.php?rest_route=\/wp\/v2\/types\/product"}],"wp:featuredmedia":[{"embeddable":true,"href":"https:\/\/maragracciano.com.br\/index.php?rest_route=\/wp\/v2\/media\/4138"}],"wp:attachment":[{"href":"https:\/\/maragracciano.com.br\/index.php?rest_route=%2Fwp%2Fv2%2Fmedia&parent=4137"}],"wp:term":[{"taxonomy":"product_cat","embeddable":true,"href":"https:\/\/maragracciano.com.br\/index.php?rest_route=%2Fwp%2Fv2%2Fproduct_cat&post=4137"},{"taxonomy":"product_tag","embeddable":true,"href":"https:\/\/maragracciano.com.br\/index.php?rest_route=%2Fwp%2Fv2%2Fproduct_tag&post=4137"}],"curies":[{"name":"wp","href":"https:\/\/api.w.org\/{rel}","templated":true}]}}