{"id":4144,"date":"2024-05-17T11:11:57","date_gmt":"2024-05-17T14:11:57","guid":{"rendered":"https:\/\/maragracciano.com.br\/?post_type=product&#038;p=4144"},"modified":"2024-09-04T10:04:01","modified_gmt":"2024-09-04T13:04:01","slug":"colecao-botanica","status":"publish","type":"product","link":"https:\/\/maragracciano.com.br\/?product=colecao-botanica","title":{"rendered":"Set 02 pratos Cole\u00e7\u00e3o Bot\u00e2nica"},"content":{"rendered":"<p><img loading=\"lazy\" decoding=\"async\" class=\"alignnone size-full wp-image-4145\" src=\"https:\/\/maragracciano.com.br\/wp-content\/uploads\/2024\/05\/WhatsApp-Image-2024-05-15-at-7.36.08-PM.jpeg\" alt=\"\" width=\"1800\" height=\"2400\" \/><\/p>\n","protected":false},"excerpt":{"rendered":"<p>Conjunto de prato raso e sobremesa pintado a m\u00e3o rico em detalhes em ouro.<\/p>\n<p>Prato raso medindo 28 cm.<\/p>\n<p>Prato sobremesa 23cm.<\/p>\n<p>N\u00e3o utilizar micro-ondas.<\/p>\n<p>N\u00e3o utilizar lava-lou\u00e7a.<\/p>\n<p>Utilizar esponja macia e detergente neutro.<\/p>\n","protected":false},"featured_media":4145,"template":"","meta":[],"product_cat":[206],"product_tag":[],"acf":[],"_links":{"self":[{"href":"https:\/\/maragracciano.com.br\/index.php?rest_route=\/wp\/v2\/product\/4144"}],"collection":[{"href":"https:\/\/maragracciano.com.br\/index.php?rest_route=\/wp\/v2\/product"}],"about":[{"href":"https:\/\/maragracciano.com.br\/index.php?rest_route=\/wp\/v2\/types\/product"}],"wp:featuredmedia":[{"embeddable":true,"href":"https:\/\/maragracciano.com.br\/index.php?rest_route=\/wp\/v2\/media\/4145"}],"wp:attachment":[{"href":"https:\/\/maragracciano.com.br\/index.php?rest_route=%2Fwp%2Fv2%2Fmedia&parent=4144"}],"wp:term":[{"taxonomy":"product_cat","embeddable":true,"href":"https:\/\/maragracciano.com.br\/index.php?rest_route=%2Fwp%2Fv2%2Fproduct_cat&post=4144"},{"taxonomy":"product_tag","embeddable":true,"href":"https:\/\/maragracciano.com.br\/index.php?rest_route=%2Fwp%2Fv2%2Fproduct_tag&post=4144"}],"curies":[{"name":"wp","href":"https:\/\/api.w.org\/{rel}","templated":true}]}}