{"id":4148,"date":"2024-05-17T11:18:34","date_gmt":"2024-05-17T14:18:34","guid":{"rendered":"https:\/\/maragracciano.com.br\/?post_type=product&#038;p=4148"},"modified":"2024-09-04T10:02:02","modified_gmt":"2024-09-04T13:02:02","slug":"set-02-pratos-colecao-botanica-3","status":"publish","type":"product","link":"https:\/\/maragracciano.com.br\/?product=set-02-pratos-colecao-botanica-3","title":{"rendered":"Set 02 pratos Cole\u00e7\u00e3o Bot\u00e2nica"},"content":{"rendered":"<p><img loading=\"lazy\" decoding=\"async\" class=\"alignnone size-full wp-image-4149\" src=\"https:\/\/maragracciano.com.br\/wp-content\/uploads\/2024\/05\/WhatsApp-Image-2024-05-15-at-5.29.05-PM.jpeg\" alt=\"\" width=\"1800\" height=\"2400\" \/><\/p>\n","protected":false},"excerpt":{"rendered":"<p>Set 02 pratos Cole\u00e7\u00e3o Bot\u00e2nica rico em ouro.<\/p>\n<p>Prato raso azul claro 28cm.<\/p>\n<p>Prato sobremesa c\/ flor 23 cm.<\/p>\n<p>N\u00e3o utilizar lava-lou\u00e7a.<\/p>\n<p>N\u00e3o utilizar micro-ondas.<\/p>\n<p>Utilizar esponja macia e detergente neutro.<\/p>\n","protected":false},"featured_media":4149,"template":"","meta":[],"product_cat":[206],"product_tag":[],"acf":[],"_links":{"self":[{"href":"https:\/\/maragracciano.com.br\/index.php?rest_route=\/wp\/v2\/product\/4148"}],"collection":[{"href":"https:\/\/maragracciano.com.br\/index.php?rest_route=\/wp\/v2\/product"}],"about":[{"href":"https:\/\/maragracciano.com.br\/index.php?rest_route=\/wp\/v2\/types\/product"}],"wp:featuredmedia":[{"embeddable":true,"href":"https:\/\/maragracciano.com.br\/index.php?rest_route=\/wp\/v2\/media\/4149"}],"wp:attachment":[{"href":"https:\/\/maragracciano.com.br\/index.php?rest_route=%2Fwp%2Fv2%2Fmedia&parent=4148"}],"wp:term":[{"taxonomy":"product_cat","embeddable":true,"href":"https:\/\/maragracciano.com.br\/index.php?rest_route=%2Fwp%2Fv2%2Fproduct_cat&post=4148"},{"taxonomy":"product_tag","embeddable":true,"href":"https:\/\/maragracciano.com.br\/index.php?rest_route=%2Fwp%2Fv2%2Fproduct_tag&post=4148"}],"curies":[{"name":"wp","href":"https:\/\/api.w.org\/{rel}","templated":true}]}}