{"id":4205,"date":"2024-05-22T20:35:15","date_gmt":"2024-05-22T23:35:15","guid":{"rendered":"https:\/\/maragracciano.com.br\/?post_type=product&#038;p=4205"},"modified":"2025-01-11T10:21:16","modified_gmt":"2025-01-11T13:21:16","slug":"set-04-tacas-bolas","status":"publish","type":"product","link":"https:\/\/maragracciano.com.br\/?product=set-04-tacas-bolas","title":{"rendered":"Ta\u00e7a Bola Cristal"},"content":{"rendered":"<p><img loading=\"lazy\" decoding=\"async\" class=\"alignnone size-medium wp-image-4543\" src=\"https:\/\/maragracciano.com.br\/wp-content\/uploads\/2024\/05\/WhatsApp-Image-2024-12-22-at-9.03.37-AM-199x300.jpeg\" alt=\"\" width=\"199\" height=\"300\" srcset=\"https:\/\/maragracciano.com.br\/wp-content\/uploads\/2024\/05\/WhatsApp-Image-2024-12-22-at-9.03.37-AM-199x300.jpeg 199w, https:\/\/maragracciano.com.br\/wp-content\/uploads\/2024\/05\/WhatsApp-Image-2024-12-22-at-9.03.37-AM-679x1024.jpeg 679w, https:\/\/maragracciano.com.br\/wp-content\/uploads\/2024\/05\/WhatsApp-Image-2024-12-22-at-9.03.37-AM-768x1158.jpeg 768w, https:\/\/maragracciano.com.br\/wp-content\/uploads\/2024\/05\/WhatsApp-Image-2024-12-22-at-9.03.37-AM-531x800.jpeg 531w, https:\/\/maragracciano.com.br\/wp-content\/uploads\/2024\/05\/WhatsApp-Image-2024-12-22-at-9.03.37-AM-663x1000.jpeg 663w, https:\/\/maragracciano.com.br\/wp-content\/uploads\/2024\/05\/WhatsApp-Image-2024-12-22-at-9.03.37-AM.jpeg 849w\" sizes=\"(max-width: 199px) 100vw, 199px\" \/><\/p>\n","protected":false},"excerpt":{"rendered":"<p>Conjunto de ta\u00e7as para drink ou champanhe com borda em ouro e p\u00e9 pintado em lustre azul claro.<\/p>\n<p>Material cristal e p\u00e9 em vidro.<\/p>\n<p>n\u00e3o utilizar lava lou\u00e7a.<\/p>\n<p>N\u00e3o utilizar micro-ondas.<\/p>\n<p>Procure segurar a ta\u00e7a pela bola, pois ela \u00e9 colada de f\u00e1brica.<\/p>\n","protected":false},"featured_media":4543,"template":"","meta":[],"product_cat":[15],"product_tag":[],"acf":[],"_links":{"self":[{"href":"https:\/\/maragracciano.com.br\/index.php?rest_route=\/wp\/v2\/product\/4205"}],"collection":[{"href":"https:\/\/maragracciano.com.br\/index.php?rest_route=\/wp\/v2\/product"}],"about":[{"href":"https:\/\/maragracciano.com.br\/index.php?rest_route=\/wp\/v2\/types\/product"}],"wp:featuredmedia":[{"embeddable":true,"href":"https:\/\/maragracciano.com.br\/index.php?rest_route=\/wp\/v2\/media\/4543"}],"wp:attachment":[{"href":"https:\/\/maragracciano.com.br\/index.php?rest_route=%2Fwp%2Fv2%2Fmedia&parent=4205"}],"wp:term":[{"taxonomy":"product_cat","embeddable":true,"href":"https:\/\/maragracciano.com.br\/index.php?rest_route=%2Fwp%2Fv2%2Fproduct_cat&post=4205"},{"taxonomy":"product_tag","embeddable":true,"href":"https:\/\/maragracciano.com.br\/index.php?rest_route=%2Fwp%2Fv2%2Fproduct_tag&post=4205"}],"curies":[{"name":"wp","href":"https:\/\/api.w.org\/{rel}","templated":true}]}}