{"id":4280,"date":"2024-05-29T20:56:32","date_gmt":"2024-05-29T23:56:32","guid":{"rendered":"https:\/\/maragracciano.com.br\/?post_type=product&#038;p=4280"},"modified":"2024-09-04T10:55:20","modified_gmt":"2024-09-04T13:55:20","slug":"set-04-porta-guardanapos-croche","status":"publish","type":"product","link":"https:\/\/maragracciano.com.br\/?product=set-04-porta-guardanapos-croche","title":{"rendered":"Set 04 Porta Guardanapos Croch\u00ea of-white"},"content":{"rendered":"<p><img loading=\"lazy\" decoding=\"async\" class=\"alignnone size-full wp-image-4281\" src=\"https:\/\/maragracciano.com.br\/wp-content\/uploads\/2024\/05\/WhatsApp-Image-2024-05-29-at-7.26.09-PM.jpeg\" alt=\"\" width=\"960\" height=\"1280\" \/><\/p>\n","protected":false},"excerpt":{"rendered":"<p>Produto feito a m\u00e3o em cord\u00e3o de seda com argola em a\u00e7o.<\/p>\n<p>Lavar com sab\u00e3o neutro.<\/p>\n","protected":false},"featured_media":4281,"template":"","meta":[],"product_cat":[207],"product_tag":[],"acf":[],"_links":{"self":[{"href":"https:\/\/maragracciano.com.br\/index.php?rest_route=\/wp\/v2\/product\/4280"}],"collection":[{"href":"https:\/\/maragracciano.com.br\/index.php?rest_route=\/wp\/v2\/product"}],"about":[{"href":"https:\/\/maragracciano.com.br\/index.php?rest_route=\/wp\/v2\/types\/product"}],"wp:featuredmedia":[{"embeddable":true,"href":"https:\/\/maragracciano.com.br\/index.php?rest_route=\/wp\/v2\/media\/4281"}],"wp:attachment":[{"href":"https:\/\/maragracciano.com.br\/index.php?rest_route=%2Fwp%2Fv2%2Fmedia&parent=4280"}],"wp:term":[{"taxonomy":"product_cat","embeddable":true,"href":"https:\/\/maragracciano.com.br\/index.php?rest_route=%2Fwp%2Fv2%2Fproduct_cat&post=4280"},{"taxonomy":"product_tag","embeddable":true,"href":"https:\/\/maragracciano.com.br\/index.php?rest_route=%2Fwp%2Fv2%2Fproduct_tag&post=4280"}],"curies":[{"name":"wp","href":"https:\/\/api.w.org\/{rel}","templated":true}]}}