{"id":4303,"date":"2024-05-31T21:14:40","date_gmt":"2024-06-01T00:14:40","guid":{"rendered":"https:\/\/maragracciano.com.br\/?post_type=product&#038;p=4303"},"modified":"2024-09-04T10:37:27","modified_gmt":"2024-09-04T13:37:27","slug":"set-04-porta-guardanapos-rosa-antigo","status":"publish","type":"product","link":"https:\/\/maragracciano.com.br\/?product=set-04-porta-guardanapos-rosa-antigo","title":{"rendered":"Set 04 Porta Guardanapos Croch\u00ea Rosa Antigo"},"content":{"rendered":"<p><img loading=\"lazy\" decoding=\"async\" class=\"alignnone size-full wp-image-4304\" src=\"https:\/\/maragracciano.com.br\/wp-content\/uploads\/2024\/05\/WhatsApp-Image-2024-05-31-at-9.10.06-AM-1.jpeg\" alt=\"\" width=\"1259\" height=\"1280\" \/><\/p>\n","protected":false},"excerpt":{"rendered":"<p>Porta Guardanapos em Croch\u00ea produzido a m\u00e3o com linha cord\u00e3o de seda com argola em a\u00e7o dourada.<\/p>\n<p>N\u00e3o utilizar lava-lou\u00e7a.<\/p>\n<p>N\u00e3o utilizar m\u00e1quina de lavar roupa.<\/p>\n<p>Utilizar sab\u00e3o neutro.<\/p>\n","protected":false},"featured_media":4304,"template":"","meta":[],"product_cat":[207],"product_tag":[],"acf":[],"_links":{"self":[{"href":"https:\/\/maragracciano.com.br\/index.php?rest_route=\/wp\/v2\/product\/4303"}],"collection":[{"href":"https:\/\/maragracciano.com.br\/index.php?rest_route=\/wp\/v2\/product"}],"about":[{"href":"https:\/\/maragracciano.com.br\/index.php?rest_route=\/wp\/v2\/types\/product"}],"wp:featuredmedia":[{"embeddable":true,"href":"https:\/\/maragracciano.com.br\/index.php?rest_route=\/wp\/v2\/media\/4304"}],"wp:attachment":[{"href":"https:\/\/maragracciano.com.br\/index.php?rest_route=%2Fwp%2Fv2%2Fmedia&parent=4303"}],"wp:term":[{"taxonomy":"product_cat","embeddable":true,"href":"https:\/\/maragracciano.com.br\/index.php?rest_route=%2Fwp%2Fv2%2Fproduct_cat&post=4303"},{"taxonomy":"product_tag","embeddable":true,"href":"https:\/\/maragracciano.com.br\/index.php?rest_route=%2Fwp%2Fv2%2Fproduct_tag&post=4303"}],"curies":[{"name":"wp","href":"https:\/\/api.w.org\/{rel}","templated":true}]}}