{"id":4307,"date":"2024-05-31T21:21:31","date_gmt":"2024-06-01T00:21:31","guid":{"rendered":"https:\/\/maragracciano.com.br\/?post_type=product&#038;p=4307"},"modified":"2024-09-04T09:56:14","modified_gmt":"2024-09-04T12:56:14","slug":"set-04-porta-guardanapos-croche-marron","status":"publish","type":"product","link":"https:\/\/maragracciano.com.br\/?product=set-04-porta-guardanapos-croche-marron","title":{"rendered":"Set 04 Porta Guardanapos Croch\u00ea Marrom"},"content":{"rendered":"<p><img loading=\"lazy\" decoding=\"async\" class=\"alignnone size-full wp-image-4308\" src=\"https:\/\/maragracciano.com.br\/wp-content\/uploads\/2024\/05\/WhatsApp-Image-2024-05-31-at-9.09.45-AM.jpeg\" alt=\"\" width=\"1064\" height=\"1280\" \/><\/p>\n","protected":false},"excerpt":{"rendered":"<p>Porta Guardanapos em Croch\u00ea com cord\u00e3o de cetim de seda com argola em a\u00e7o dourada.<\/p>\n<p>N\u00e3o utilizar lava lou\u00e7a.<\/p>\n<p>N\u00e3o utilizar m\u00e1quina de lavar roupa.<\/p>\n<p>Utilizar sab\u00e3o neutro.<\/p>\n","protected":false},"featured_media":4308,"template":"","meta":[],"product_cat":[207],"product_tag":[],"acf":[],"_links":{"self":[{"href":"https:\/\/maragracciano.com.br\/index.php?rest_route=\/wp\/v2\/product\/4307"}],"collection":[{"href":"https:\/\/maragracciano.com.br\/index.php?rest_route=\/wp\/v2\/product"}],"about":[{"href":"https:\/\/maragracciano.com.br\/index.php?rest_route=\/wp\/v2\/types\/product"}],"wp:featuredmedia":[{"embeddable":true,"href":"https:\/\/maragracciano.com.br\/index.php?rest_route=\/wp\/v2\/media\/4308"}],"wp:attachment":[{"href":"https:\/\/maragracciano.com.br\/index.php?rest_route=%2Fwp%2Fv2%2Fmedia&parent=4307"}],"wp:term":[{"taxonomy":"product_cat","embeddable":true,"href":"https:\/\/maragracciano.com.br\/index.php?rest_route=%2Fwp%2Fv2%2Fproduct_cat&post=4307"},{"taxonomy":"product_tag","embeddable":true,"href":"https:\/\/maragracciano.com.br\/index.php?rest_route=%2Fwp%2Fv2%2Fproduct_tag&post=4307"}],"curies":[{"name":"wp","href":"https:\/\/api.w.org\/{rel}","templated":true}]}}