{"id":4336,"date":"2024-06-02T21:34:39","date_gmt":"2024-06-03T00:34:39","guid":{"rendered":"https:\/\/maragracciano.com.br\/?post_type=product&#038;p=4336"},"modified":"2025-08-04T11:19:48","modified_gmt":"2025-08-04T14:19:48","slug":"colecao-libelula","status":"publish","type":"product","link":"https:\/\/maragracciano.com.br\/?product=colecao-libelula","title":{"rendered":"Cole\u00e7\u00e3o Lib\u00e9lula"},"content":{"rendered":"<p><img loading=\"lazy\" decoding=\"async\" class=\"alignnone size-full wp-image-4337\" src=\"https:\/\/maragracciano.com.br\/wp-content\/uploads\/2024\/06\/WhatsApp-Image-2024-06-02-at-12.39.33-PM.jpeg\" alt=\"\" width=\"1280\" height=\"960\" \/><\/p>\n","protected":false},"excerpt":{"rendered":"<p>Cole\u00e7\u00e3o com 18 pe\u00e7as, sendo 06 pratos rasos, 06 pratos fundos e 06 pratos de sobremesa. Cores: \u00e2mbar, bege, prata, azul, roxo, verde claro; todos com detalhes rico em ouro.<\/p>\n<p>N\u00e3o utilizar lava-lou\u00e7a.<\/p>\n<p>N\u00e3o utilizar micro ondas.<\/p>\n<p>Utilizar detergente neutro e esponja macia.<\/p>\n","protected":false},"featured_media":4338,"template":"","meta":[],"product_cat":[197],"product_tag":[],"acf":[],"_links":{"self":[{"href":"https:\/\/maragracciano.com.br\/index.php?rest_route=\/wp\/v2\/product\/4336"}],"collection":[{"href":"https:\/\/maragracciano.com.br\/index.php?rest_route=\/wp\/v2\/product"}],"about":[{"href":"https:\/\/maragracciano.com.br\/index.php?rest_route=\/wp\/v2\/types\/product"}],"wp:featuredmedia":[{"embeddable":true,"href":"https:\/\/maragracciano.com.br\/index.php?rest_route=\/wp\/v2\/media\/4338"}],"wp:attachment":[{"href":"https:\/\/maragracciano.com.br\/index.php?rest_route=%2Fwp%2Fv2%2Fmedia&parent=4336"}],"wp:term":[{"taxonomy":"product_cat","embeddable":true,"href":"https:\/\/maragracciano.com.br\/index.php?rest_route=%2Fwp%2Fv2%2Fproduct_cat&post=4336"},{"taxonomy":"product_tag","embeddable":true,"href":"https:\/\/maragracciano.com.br\/index.php?rest_route=%2Fwp%2Fv2%2Fproduct_tag&post=4336"}],"curies":[{"name":"wp","href":"https:\/\/api.w.org\/{rel}","templated":true}]}}