{"id":4394,"date":"2024-08-07T20:27:42","date_gmt":"2024-08-07T23:27:42","guid":{"rendered":"https:\/\/maragracciano.com.br\/?post_type=product&#038;p=4394"},"modified":"2024-09-04T09:50:56","modified_gmt":"2024-09-04T12:50:56","slug":"set-04-pratos-rasos-colecao-florence","status":"publish","type":"product","link":"https:\/\/maragracciano.com.br\/?product=set-04-pratos-rasos-colecao-florence","title":{"rendered":"Set 04 Pratos Rasos Cole\u00e7\u00e3o Florence"},"content":{"rendered":"<p><img loading=\"lazy\" decoding=\"async\" class=\"alignnone size-full wp-image-4414\" src=\"https:\/\/maragracciano.com.br\/wp-content\/uploads\/2024\/08\/WhatsApp-Image-2024-08-15-at-4.05.50-PM.jpeg\" alt=\"\" width=\"1144\" height=\"1280\" \/><\/p>\n","protected":false},"excerpt":{"rendered":"<p>Prato raso de porcelana feito a m\u00e3o pintado em uma primeira camada de azul turquesa com detalhe em ouro, depois aplica\u00e7\u00e3o de segunda camada com tinta preta, com detalhes em ouro no centro e nas bordas.<\/p>\n<p>N\u00e3o utilizar lava-lou\u00e7a.<\/p>\n<p>N\u00e3o utilizar micro-ondas.<\/p>\n<p>utilizar detergente neutro e esponja macia.<\/p>\n","protected":false},"featured_media":4414,"template":"","meta":[],"product_cat":[211],"product_tag":[],"acf":[],"_links":{"self":[{"href":"https:\/\/maragracciano.com.br\/index.php?rest_route=\/wp\/v2\/product\/4394"}],"collection":[{"href":"https:\/\/maragracciano.com.br\/index.php?rest_route=\/wp\/v2\/product"}],"about":[{"href":"https:\/\/maragracciano.com.br\/index.php?rest_route=\/wp\/v2\/types\/product"}],"wp:featuredmedia":[{"embeddable":true,"href":"https:\/\/maragracciano.com.br\/index.php?rest_route=\/wp\/v2\/media\/4414"}],"wp:attachment":[{"href":"https:\/\/maragracciano.com.br\/index.php?rest_route=%2Fwp%2Fv2%2Fmedia&parent=4394"}],"wp:term":[{"taxonomy":"product_cat","embeddable":true,"href":"https:\/\/maragracciano.com.br\/index.php?rest_route=%2Fwp%2Fv2%2Fproduct_cat&post=4394"},{"taxonomy":"product_tag","embeddable":true,"href":"https:\/\/maragracciano.com.br\/index.php?rest_route=%2Fwp%2Fv2%2Fproduct_tag&post=4394"}],"curies":[{"name":"wp","href":"https:\/\/api.w.org\/{rel}","templated":true}]}}