{"id":4574,"date":"2024-12-26T11:06:04","date_gmt":"2024-12-26T14:06:04","guid":{"rendered":"https:\/\/maragracciano.com.br\/?post_type=product&#038;p=4574"},"modified":"2025-01-11T10:24:06","modified_gmt":"2025-01-11T13:24:06","slug":"bule-cha-colecao-margot","status":"publish","type":"product","link":"https:\/\/maragracciano.com.br\/?product=bule-cha-colecao-margot","title":{"rendered":"Bule Ch\u00e1 Cole\u00e7\u00e3o Margot"},"content":{"rendered":"<p><img loading=\"lazy\" decoding=\"async\" class=\"alignnone size-medium wp-image-4577\" src=\"https:\/\/maragracciano.com.br\/wp-content\/uploads\/2024\/12\/WhatsApp-Image-2024-12-26-at-11.08.12-AM-225x300.jpeg\" alt=\"\" width=\"225\" height=\"300\" srcset=\"https:\/\/maragracciano.com.br\/wp-content\/uploads\/2024\/12\/WhatsApp-Image-2024-12-26-at-11.08.12-AM-225x300.jpeg 225w, https:\/\/maragracciano.com.br\/wp-content\/uploads\/2024\/12\/WhatsApp-Image-2024-12-26-at-11.08.12-AM-768x1024.jpeg 768w, https:\/\/maragracciano.com.br\/wp-content\/uploads\/2024\/12\/WhatsApp-Image-2024-12-26-at-11.08.12-AM-600x800.jpeg 600w, https:\/\/maragracciano.com.br\/wp-content\/uploads\/2024\/12\/WhatsApp-Image-2024-12-26-at-11.08.12-AM-750x1000.jpeg 750w, https:\/\/maragracciano.com.br\/wp-content\/uploads\/2024\/12\/WhatsApp-Image-2024-12-26-at-11.08.12-AM.jpeg 960w\" sizes=\"(max-width: 225px) 100vw, 225px\" \/><\/p>\n","protected":false},"excerpt":{"rendered":"<p>Bule em porcelna limoges com flores azuis e ricos detalhes em ouro.<\/p>\n<p>Medidas- Altura 16,7 cm, Profundidade 23,6 x Comprimento 14 cm.<\/p>\n<p>N\u00e3o utilizar micro-ondas.<\/p>\n<p>N\u00e3o utilizar lava-louca.<\/p>\n<p>Utilizar detergente neutro e esponja macia.<\/p>\n","protected":false},"featured_media":4577,"template":"","meta":[],"product_cat":[209],"product_tag":[],"acf":[],"_links":{"self":[{"href":"https:\/\/maragracciano.com.br\/index.php?rest_route=\/wp\/v2\/product\/4574"}],"collection":[{"href":"https:\/\/maragracciano.com.br\/index.php?rest_route=\/wp\/v2\/product"}],"about":[{"href":"https:\/\/maragracciano.com.br\/index.php?rest_route=\/wp\/v2\/types\/product"}],"wp:featuredmedia":[{"embeddable":true,"href":"https:\/\/maragracciano.com.br\/index.php?rest_route=\/wp\/v2\/media\/4577"}],"wp:attachment":[{"href":"https:\/\/maragracciano.com.br\/index.php?rest_route=%2Fwp%2Fv2%2Fmedia&parent=4574"}],"wp:term":[{"taxonomy":"product_cat","embeddable":true,"href":"https:\/\/maragracciano.com.br\/index.php?rest_route=%2Fwp%2Fv2%2Fproduct_cat&post=4574"},{"taxonomy":"product_tag","embeddable":true,"href":"https:\/\/maragracciano.com.br\/index.php?rest_route=%2Fwp%2Fv2%2Fproduct_tag&post=4574"}],"curies":[{"name":"wp","href":"https:\/\/api.w.org\/{rel}","templated":true}]}}