{"id":4580,"date":"2024-12-26T11:20:16","date_gmt":"2024-12-26T14:20:16","guid":{"rendered":"https:\/\/maragracciano.com.br\/?post_type=product&#038;p=4580"},"modified":"2025-01-11T10:23:29","modified_gmt":"2025-01-11T13:23:29","slug":"acucareiro-colecao-margot","status":"publish","type":"product","link":"https:\/\/maragracciano.com.br\/?product=acucareiro-colecao-margot","title":{"rendered":"A\u00e7ucareiro Cole\u00e7\u00e3o Margot"},"content":{"rendered":"<p><img loading=\"lazy\" decoding=\"async\" class=\"alignnone size-medium wp-image-4581\" src=\"https:\/\/maragracciano.com.br\/wp-content\/uploads\/2024\/12\/WhatsApp-Image-2024-12-26-at-9.08.42-AM-3-300x252.jpeg\" alt=\"\" width=\"300\" height=\"252\" srcset=\"https:\/\/maragracciano.com.br\/wp-content\/uploads\/2024\/12\/WhatsApp-Image-2024-12-26-at-9.08.42-AM-3-300x252.jpeg 300w, https:\/\/maragracciano.com.br\/wp-content\/uploads\/2024\/12\/WhatsApp-Image-2024-12-26-at-9.08.42-AM-3-1024x860.jpeg 1024w, https:\/\/maragracciano.com.br\/wp-content\/uploads\/2024\/12\/WhatsApp-Image-2024-12-26-at-9.08.42-AM-3-768x645.jpeg 768w, https:\/\/maragracciano.com.br\/wp-content\/uploads\/2024\/12\/WhatsApp-Image-2024-12-26-at-9.08.42-AM-3-953x800.jpeg 953w, https:\/\/maragracciano.com.br\/wp-content\/uploads\/2024\/12\/WhatsApp-Image-2024-12-26-at-9.08.42-AM-3-1191x1000.jpeg 1191w, https:\/\/maragracciano.com.br\/wp-content\/uploads\/2024\/12\/WhatsApp-Image-2024-12-26-at-9.08.42-AM-3-1000x840.jpeg 1000w, https:\/\/maragracciano.com.br\/wp-content\/uploads\/2024\/12\/WhatsApp-Image-2024-12-26-at-9.08.42-AM-3.jpeg 1280w\" sizes=\"(max-width: 300px) 100vw, 300px\" \/><\/p>\n","protected":false},"excerpt":{"rendered":"<p>A\u00e7ucareiro\u00a0 em porcelana com desenhos de flores azuis e detalhes em ouro. Acompanha colher em porcelana com os mesmos motivos.<\/p>\n<p>Medidas &#8211; 15 cm de Largura x 11 cm de Altura<\/p>\n<p>N\u00e3o utilizar micro-ondas.<\/p>\n<p>N\u00e3o utilizar lava-louca.<\/p>\n<p>Utilizar detergente neutro e esponja macia.<\/p>\n","protected":false},"featured_media":4581,"template":"","meta":[],"product_cat":[209],"product_tag":[],"acf":[],"_links":{"self":[{"href":"https:\/\/maragracciano.com.br\/index.php?rest_route=\/wp\/v2\/product\/4580"}],"collection":[{"href":"https:\/\/maragracciano.com.br\/index.php?rest_route=\/wp\/v2\/product"}],"about":[{"href":"https:\/\/maragracciano.com.br\/index.php?rest_route=\/wp\/v2\/types\/product"}],"wp:featuredmedia":[{"embeddable":true,"href":"https:\/\/maragracciano.com.br\/index.php?rest_route=\/wp\/v2\/media\/4581"}],"wp:attachment":[{"href":"https:\/\/maragracciano.com.br\/index.php?rest_route=%2Fwp%2Fv2%2Fmedia&parent=4580"}],"wp:term":[{"taxonomy":"product_cat","embeddable":true,"href":"https:\/\/maragracciano.com.br\/index.php?rest_route=%2Fwp%2Fv2%2Fproduct_cat&post=4580"},{"taxonomy":"product_tag","embeddable":true,"href":"https:\/\/maragracciano.com.br\/index.php?rest_route=%2Fwp%2Fv2%2Fproduct_tag&post=4580"}],"curies":[{"name":"wp","href":"https:\/\/api.w.org\/{rel}","templated":true}]}}