{"id":4602,"date":"2025-02-07T16:23:57","date_gmt":"2025-02-07T19:23:57","guid":{"rendered":"https:\/\/maragracciano.com.br\/?post_type=product&#038;p=4602"},"modified":"2025-02-07T16:24:37","modified_gmt":"2025-02-07T19:24:37","slug":"set-04-pratos-de-pao","status":"publish","type":"product","link":"https:\/\/maragracciano.com.br\/?product=set-04-pratos-de-pao","title":{"rendered":"Set 04 Pratos de P\u00e3o"},"content":{"rendered":"<p><img loading=\"lazy\" decoding=\"async\" class=\"alignnone size-medium wp-image-4603\" src=\"https:\/\/maragracciano.com.br\/wp-content\/uploads\/2025\/02\/WhatsApp-Image-2025-02-07-at-4.07.37-PM-225x300.jpeg\" alt=\"\" width=\"225\" height=\"300\" srcset=\"https:\/\/maragracciano.com.br\/wp-content\/uploads\/2025\/02\/WhatsApp-Image-2025-02-07-at-4.07.37-PM-225x300.jpeg 225w, https:\/\/maragracciano.com.br\/wp-content\/uploads\/2025\/02\/WhatsApp-Image-2025-02-07-at-4.07.37-PM-768x1024.jpeg 768w, https:\/\/maragracciano.com.br\/wp-content\/uploads\/2025\/02\/WhatsApp-Image-2025-02-07-at-4.07.37-PM-600x800.jpeg 600w, https:\/\/maragracciano.com.br\/wp-content\/uploads\/2025\/02\/WhatsApp-Image-2025-02-07-at-4.07.37-PM-750x1000.jpeg 750w, https:\/\/maragracciano.com.br\/wp-content\/uploads\/2025\/02\/WhatsApp-Image-2025-02-07-at-4.07.37-PM.jpeg 960w\" sizes=\"(max-width: 225px) 100vw, 225px\" \/><\/p>\n","protected":false},"excerpt":{"rendered":"<p>Pratos inspirados na arte contempor\u00e2nea compincelada de atualidade pintei flores e folhas azuis\u00a0 .<\/p>\n<p>Pratos de porcelana feito e pintados a m\u00e3o com friso em ouro<\/p>\n<p>Medida- 17 cm de di\u00e2metro<\/p>\n<p>N\u00e3o utilizar lava-lou\u00e7a. N\u00e3o utilizar maquina de lavar lou\u00e7a.<\/p>\n<p>Utilizar detergente neutro e esponja macia.<\/p>\n","protected":false},"featured_media":4603,"template":"","meta":[],"product_cat":[193],"product_tag":[],"acf":[],"_links":{"self":[{"href":"https:\/\/maragracciano.com.br\/index.php?rest_route=\/wp\/v2\/product\/4602"}],"collection":[{"href":"https:\/\/maragracciano.com.br\/index.php?rest_route=\/wp\/v2\/product"}],"about":[{"href":"https:\/\/maragracciano.com.br\/index.php?rest_route=\/wp\/v2\/types\/product"}],"wp:featuredmedia":[{"embeddable":true,"href":"https:\/\/maragracciano.com.br\/index.php?rest_route=\/wp\/v2\/media\/4603"}],"wp:attachment":[{"href":"https:\/\/maragracciano.com.br\/index.php?rest_route=%2Fwp%2Fv2%2Fmedia&parent=4602"}],"wp:term":[{"taxonomy":"product_cat","embeddable":true,"href":"https:\/\/maragracciano.com.br\/index.php?rest_route=%2Fwp%2Fv2%2Fproduct_cat&post=4602"},{"taxonomy":"product_tag","embeddable":true,"href":"https:\/\/maragracciano.com.br\/index.php?rest_route=%2Fwp%2Fv2%2Fproduct_tag&post=4602"}],"curies":[{"name":"wp","href":"https:\/\/api.w.org\/{rel}","templated":true}]}}