{"id":4674,"date":"2025-07-21T10:36:57","date_gmt":"2025-07-21T13:36:57","guid":{"rendered":"https:\/\/maragracciano.com.br\/?post_type=product&#038;p=4674"},"modified":"2025-07-22T20:45:44","modified_gmt":"2025-07-22T23:45:44","slug":"bandeja-colecao-lacos-de-primavera","status":"publish","type":"product","link":"https:\/\/maragracciano.com.br\/?product=bandeja-colecao-lacos-de-primavera","title":{"rendered":"Bandeja  Cole\u00e7\u00e3o La\u00e7os de Primavera"},"content":{"rendered":"<p><img loading=\"lazy\" decoding=\"async\" class=\"alignnone size-medium wp-image-4675\" src=\"https:\/\/maragracciano.com.br\/wp-content\/uploads\/2025\/07\/WhatsApp-Image-2025-07-19-at-10.29.00-AM-4-225x300.jpeg\" alt=\"\" width=\"225\" height=\"300\" srcset=\"https:\/\/maragracciano.com.br\/wp-content\/uploads\/2025\/07\/WhatsApp-Image-2025-07-19-at-10.29.00-AM-4-225x300.jpeg 225w, https:\/\/maragracciano.com.br\/wp-content\/uploads\/2025\/07\/WhatsApp-Image-2025-07-19-at-10.29.00-AM-4-768x1024.jpeg 768w, https:\/\/maragracciano.com.br\/wp-content\/uploads\/2025\/07\/WhatsApp-Image-2025-07-19-at-10.29.00-AM-4-600x800.jpeg 600w, https:\/\/maragracciano.com.br\/wp-content\/uploads\/2025\/07\/WhatsApp-Image-2025-07-19-at-10.29.00-AM-4-750x1000.jpeg 750w, https:\/\/maragracciano.com.br\/wp-content\/uploads\/2025\/07\/WhatsApp-Image-2025-07-19-at-10.29.00-AM-4.jpeg 960w\" sizes=\"(max-width: 225px) 100vw, 225px\" \/><\/p>\n","protected":false},"excerpt":{"rendered":"<p>Cole\u00e7\u00e3o La\u00e7os de Primavera. Porcelana Limoges. Cole\u00e7\u00e3o pintada a m\u00e3os com la\u00e7os na cor rosa purpura<\/p>\n<p>com friso em ouro.<\/p>\n<p>Comprimento &#8211; 32 cm .Largura &#8211; 23cm<\/p>\n<p>Lou\u00e7a delicada, n\u00e3o utilizar lava-lou\u00e7a.<\/p>\n<p>N\u00e3o utilizar micro-ondas.<\/p>\n<p>Utilizar detergente neutro e esponja macia<\/p>\n<p>&nbsp;<\/p>\n","protected":false},"featured_media":4675,"template":"","meta":[],"product_cat":[212],"product_tag":[],"acf":[],"_links":{"self":[{"href":"https:\/\/maragracciano.com.br\/index.php?rest_route=\/wp\/v2\/product\/4674"}],"collection":[{"href":"https:\/\/maragracciano.com.br\/index.php?rest_route=\/wp\/v2\/product"}],"about":[{"href":"https:\/\/maragracciano.com.br\/index.php?rest_route=\/wp\/v2\/types\/product"}],"wp:featuredmedia":[{"embeddable":true,"href":"https:\/\/maragracciano.com.br\/index.php?rest_route=\/wp\/v2\/media\/4675"}],"wp:attachment":[{"href":"https:\/\/maragracciano.com.br\/index.php?rest_route=%2Fwp%2Fv2%2Fmedia&parent=4674"}],"wp:term":[{"taxonomy":"product_cat","embeddable":true,"href":"https:\/\/maragracciano.com.br\/index.php?rest_route=%2Fwp%2Fv2%2Fproduct_cat&post=4674"},{"taxonomy":"product_tag","embeddable":true,"href":"https:\/\/maragracciano.com.br\/index.php?rest_route=%2Fwp%2Fv2%2Fproduct_tag&post=4674"}],"curies":[{"name":"wp","href":"https:\/\/api.w.org\/{rel}","templated":true}]}}