{"id":4677,"date":"2025-07-21T10:55:48","date_gmt":"2025-07-21T13:55:48","guid":{"rendered":"https:\/\/maragracciano.com.br\/?post_type=product&#038;p=4677"},"modified":"2025-07-22T20:45:19","modified_gmt":"2025-07-22T23:45:19","slug":"xicara-de-cafe-colecao-lacos-de-primavera","status":"publish","type":"product","link":"https:\/\/maragracciano.com.br\/?product=xicara-de-cafe-colecao-lacos-de-primavera","title":{"rendered":"Xicara de Cafe Cole\u00e7\u00e3o La\u00e7os de Primavera"},"content":{"rendered":"<p><img loading=\"lazy\" decoding=\"async\" class=\"alignnone size-medium wp-image-4678\" src=\"https:\/\/maragracciano.com.br\/wp-content\/uploads\/2025\/07\/WhatsApp-Image-2025-07-19-at-10.21.30-AM-300x300.jpeg\" alt=\"\" width=\"300\" height=\"300\" srcset=\"https:\/\/maragracciano.com.br\/wp-content\/uploads\/2025\/07\/WhatsApp-Image-2025-07-19-at-10.21.30-AM-300x300.jpeg 300w, https:\/\/maragracciano.com.br\/wp-content\/uploads\/2025\/07\/WhatsApp-Image-2025-07-19-at-10.21.30-AM-1024x1024.jpeg 1024w, https:\/\/maragracciano.com.br\/wp-content\/uploads\/2025\/07\/WhatsApp-Image-2025-07-19-at-10.21.30-AM-150x150.jpeg 150w, https:\/\/maragracciano.com.br\/wp-content\/uploads\/2025\/07\/WhatsApp-Image-2025-07-19-at-10.21.30-AM-768x768.jpeg 768w, https:\/\/maragracciano.com.br\/wp-content\/uploads\/2025\/07\/WhatsApp-Image-2025-07-19-at-10.21.30-AM-800x800.jpeg 800w, https:\/\/maragracciano.com.br\/wp-content\/uploads\/2025\/07\/WhatsApp-Image-2025-07-19-at-10.21.30-AM-1000x1000.jpeg 1000w, https:\/\/maragracciano.com.br\/wp-content\/uploads\/2025\/07\/WhatsApp-Image-2025-07-19-at-10.21.30-AM-200x200.jpeg 200w, https:\/\/maragracciano.com.br\/wp-content\/uploads\/2025\/07\/WhatsApp-Image-2025-07-19-at-10.21.30-AM.jpeg 1280w\" sizes=\"(max-width: 300px) 100vw, 300px\" \/><\/p>\n","protected":false},"excerpt":{"rendered":"<p>Xicara caf\u00e9 em porcelana Limoges pintada a m\u00e3os .Cole\u00e7\u00e3o La\u00e7os de Primavera. La\u00e7os na cor purpura com friso em ouro.<\/p>\n<p>N\u00e3o utilizar micro-ondas.<\/p>\n<p>N\u00e3o utilizar lava -lou\u00e7a.<\/p>\n<p>Utilizar detergente neutro e esponja macia.<\/p>\n<p>Comprimento da xicara 5cm. Capacidade 30ml<\/p>\n<p>Di\u00e2metro do pires- 12cm<\/p>\n<p>&nbsp;<\/p>\n","protected":false},"featured_media":4678,"template":"","meta":[],"product_cat":[216],"product_tag":[],"acf":[],"_links":{"self":[{"href":"https:\/\/maragracciano.com.br\/index.php?rest_route=\/wp\/v2\/product\/4677"}],"collection":[{"href":"https:\/\/maragracciano.com.br\/index.php?rest_route=\/wp\/v2\/product"}],"about":[{"href":"https:\/\/maragracciano.com.br\/index.php?rest_route=\/wp\/v2\/types\/product"}],"wp:featuredmedia":[{"embeddable":true,"href":"https:\/\/maragracciano.com.br\/index.php?rest_route=\/wp\/v2\/media\/4678"}],"wp:attachment":[{"href":"https:\/\/maragracciano.com.br\/index.php?rest_route=%2Fwp%2Fv2%2Fmedia&parent=4677"}],"wp:term":[{"taxonomy":"product_cat","embeddable":true,"href":"https:\/\/maragracciano.com.br\/index.php?rest_route=%2Fwp%2Fv2%2Fproduct_cat&post=4677"},{"taxonomy":"product_tag","embeddable":true,"href":"https:\/\/maragracciano.com.br\/index.php?rest_route=%2Fwp%2Fv2%2Fproduct_tag&post=4677"}],"curies":[{"name":"wp","href":"https:\/\/api.w.org\/{rel}","templated":true}]}}