{"id":4682,"date":"2025-08-26T10:35:06","date_gmt":"2025-08-26T13:35:06","guid":{"rendered":"https:\/\/maragracciano.com.br\/?post_type=product&#038;p=4682"},"modified":"2025-12-18T12:24:49","modified_gmt":"2025-12-18T15:24:49","slug":"fruteira-bella","status":"publish","type":"product","link":"https:\/\/maragracciano.com.br\/?product=fruteira-bella","title":{"rendered":"Fruteira Bella"},"content":{"rendered":"<p><img loading=\"lazy\" decoding=\"async\" class=\"alignnone size-medium wp-image-4683\" src=\"https:\/\/maragracciano.com.br\/wp-content\/uploads\/2025\/08\/WhatsApp-Image-2025-08-26-at-10.24.00-AM-225x300.jpeg\" alt=\"\" width=\"225\" height=\"300\" srcset=\"https:\/\/maragracciano.com.br\/wp-content\/uploads\/2025\/08\/WhatsApp-Image-2025-08-26-at-10.24.00-AM-225x300.jpeg 225w, https:\/\/maragracciano.com.br\/wp-content\/uploads\/2025\/08\/WhatsApp-Image-2025-08-26-at-10.24.00-AM-768x1024.jpeg 768w, https:\/\/maragracciano.com.br\/wp-content\/uploads\/2025\/08\/WhatsApp-Image-2025-08-26-at-10.24.00-AM-600x800.jpeg 600w, https:\/\/maragracciano.com.br\/wp-content\/uploads\/2025\/08\/WhatsApp-Image-2025-08-26-at-10.24.00-AM-750x1000.jpeg 750w, https:\/\/maragracciano.com.br\/wp-content\/uploads\/2025\/08\/WhatsApp-Image-2025-08-26-at-10.24.00-AM.jpeg 960w\" sizes=\"(max-width: 225px) 100vw, 225px\" \/><\/p>\n","protected":false},"excerpt":{"rendered":"<p>Uma pe\u00e7a que une tradi\u00e7\u00e3o e sofistica\u00e7\u00e3o &#8211; fruteira em porcelana portuguesa com pe nacional, pintada a m\u00e3o com detalhes em folhas em ouro.<\/p>\n<p>Cada tra\u00e7o e unico, transformando o simples ato de servir em um momento de luxo e beleza.<\/p>\n<p>Altura &#8211; 17cm , diametro 20cm.<\/p>\n<p>N\u00e3o utilizar micro-ondas, n\u00e3o utilizar lava-lou\u00e7a.<\/p>\n<p>Utilizar esponja macia e detergente neutro.<\/p>\n","protected":false},"featured_media":4683,"template":"","meta":[],"product_cat":[218],"product_tag":[],"acf":[],"_links":{"self":[{"href":"https:\/\/maragracciano.com.br\/index.php?rest_route=\/wp\/v2\/product\/4682"}],"collection":[{"href":"https:\/\/maragracciano.com.br\/index.php?rest_route=\/wp\/v2\/product"}],"about":[{"href":"https:\/\/maragracciano.com.br\/index.php?rest_route=\/wp\/v2\/types\/product"}],"wp:featuredmedia":[{"embeddable":true,"href":"https:\/\/maragracciano.com.br\/index.php?rest_route=\/wp\/v2\/media\/4683"}],"wp:attachment":[{"href":"https:\/\/maragracciano.com.br\/index.php?rest_route=%2Fwp%2Fv2%2Fmedia&parent=4682"}],"wp:term":[{"taxonomy":"product_cat","embeddable":true,"href":"https:\/\/maragracciano.com.br\/index.php?rest_route=%2Fwp%2Fv2%2Fproduct_cat&post=4682"},{"taxonomy":"product_tag","embeddable":true,"href":"https:\/\/maragracciano.com.br\/index.php?rest_route=%2Fwp%2Fv2%2Fproduct_tag&post=4682"}],"curies":[{"name":"wp","href":"https:\/\/api.w.org\/{rel}","templated":true}]}}