{"id":4703,"date":"2026-01-14T15:35:04","date_gmt":"2026-01-14T18:35:04","guid":{"rendered":"https:\/\/maragracciano.com.br\/?post_type=product&#038;p=4703"},"modified":"2026-01-14T15:38:32","modified_gmt":"2026-01-14T18:38:32","slug":"conjunto-louise-bule-de-cha-e-02-xicaras","status":"publish","type":"product","link":"https:\/\/maragracciano.com.br\/?product=conjunto-louise-bule-de-cha-e-02-xicaras","title":{"rendered":"Conjunto Louise Bule de Cha e 02 Xicaras"},"content":{"rendered":"<p><img loading=\"lazy\" decoding=\"async\" class=\"alignnone size-medium wp-image-4705\" src=\"https:\/\/maragracciano.com.br\/wp-content\/uploads\/2026\/01\/WhatsApp-Image-2026-01-14-at-3.25.27-PM-225x300.jpeg\" alt=\"\" width=\"225\" height=\"300\" srcset=\"https:\/\/maragracciano.com.br\/wp-content\/uploads\/2026\/01\/WhatsApp-Image-2026-01-14-at-3.25.27-PM-225x300.jpeg 225w, https:\/\/maragracciano.com.br\/wp-content\/uploads\/2026\/01\/WhatsApp-Image-2026-01-14-at-3.25.27-PM-768x1024.jpeg 768w, https:\/\/maragracciano.com.br\/wp-content\/uploads\/2026\/01\/WhatsApp-Image-2026-01-14-at-3.25.27-PM-600x800.jpeg 600w, https:\/\/maragracciano.com.br\/wp-content\/uploads\/2026\/01\/WhatsApp-Image-2026-01-14-at-3.25.27-PM-750x1000.jpeg 750w, https:\/\/maragracciano.com.br\/wp-content\/uploads\/2026\/01\/WhatsApp-Image-2026-01-14-at-3.25.27-PM.jpeg 960w\" sizes=\"(max-width: 225px) 100vw, 225px\" \/><\/p>\n","protected":false},"excerpt":{"rendered":"<p>O Conjunto Louise foi criado para transformar o ritual do ch\u00e1 em um momento de delicadeza e contempla\u00e7\u00e3o.<\/p>\n<p>Composto por um bule de ch\u00e1 em vidro art\u00edstico e duas x\u00edcaras coordenadas, o conjunto recebe pintura manual e aplica\u00e7\u00e3o delicada de ouro, criando uma composi\u00e7\u00e3o leve, harm\u00f4nica e atemporal. Os detalhes em ouro surgem suavemente sobre o vidro transl\u00facido, enquanto as lib\u00e9lulas e elementos naturais parecem flutuar, revelando a poesia do feito \u00e0 m\u00e3o.<\/p>\n<p>As x\u00edcaras, em vidro transparente, acompanham o bule com a mesma linguagem est\u00e9tica: pintura manual cuidadosa, filete de ouro aplicado \u00e0 m\u00e3o e pequenas varia\u00e7\u00f5es que tornam cada pe\u00e7a \u00fanica. As al\u00e7as coloridas acrescentam charme e personalidade, refor\u00e7ando o car\u00e1ter autoral do conjunto.<\/p>\n<p>N\u00e3o utilizar micro-ondas,<\/p>\n<p>N\u00e3o utilizar lava-lou\u00e7a,<\/p>\n<p>Utilizar esponja macia e detergente neutro.<\/p>\n","protected":false},"featured_media":4705,"template":"","meta":[],"product_cat":[218],"product_tag":[],"acf":[],"_links":{"self":[{"href":"https:\/\/maragracciano.com.br\/index.php?rest_route=\/wp\/v2\/product\/4703"}],"collection":[{"href":"https:\/\/maragracciano.com.br\/index.php?rest_route=\/wp\/v2\/product"}],"about":[{"href":"https:\/\/maragracciano.com.br\/index.php?rest_route=\/wp\/v2\/types\/product"}],"wp:featuredmedia":[{"embeddable":true,"href":"https:\/\/maragracciano.com.br\/index.php?rest_route=\/wp\/v2\/media\/4705"}],"wp:attachment":[{"href":"https:\/\/maragracciano.com.br\/index.php?rest_route=%2Fwp%2Fv2%2Fmedia&parent=4703"}],"wp:term":[{"taxonomy":"product_cat","embeddable":true,"href":"https:\/\/maragracciano.com.br\/index.php?rest_route=%2Fwp%2Fv2%2Fproduct_cat&post=4703"},{"taxonomy":"product_tag","embeddable":true,"href":"https:\/\/maragracciano.com.br\/index.php?rest_route=%2Fwp%2Fv2%2Fproduct_tag&post=4703"}],"curies":[{"name":"wp","href":"https:\/\/api.w.org\/{rel}","templated":true}]}}