{"id":4711,"date":"2026-02-08T12:53:40","date_gmt":"2026-02-08T15:53:40","guid":{"rendered":"https:\/\/maragracciano.com.br\/?post_type=product&#038;p=4711"},"modified":"2026-02-08T22:26:38","modified_gmt":"2026-02-09T01:26:38","slug":"boleira-isa","status":"publish","type":"product","link":"https:\/\/maragracciano.com.br\/?product=boleira-isa","title":{"rendered":"Boleira ISA"},"content":{"rendered":"<p><img loading=\"lazy\" decoding=\"async\" class=\"alignnone size-medium wp-image-4712\" src=\"https:\/\/maragracciano.com.br\/wp-content\/uploads\/2026\/02\/WhatsApp-Image-2026-02-08-at-12.37.42-PM-225x300.jpeg\" alt=\"\" width=\"225\" height=\"300\" srcset=\"https:\/\/maragracciano.com.br\/wp-content\/uploads\/2026\/02\/WhatsApp-Image-2026-02-08-at-12.37.42-PM-225x300.jpeg 225w, https:\/\/maragracciano.com.br\/wp-content\/uploads\/2026\/02\/WhatsApp-Image-2026-02-08-at-12.37.42-PM-768x1024.jpeg 768w, https:\/\/maragracciano.com.br\/wp-content\/uploads\/2026\/02\/WhatsApp-Image-2026-02-08-at-12.37.42-PM-600x800.jpeg 600w, https:\/\/maragracciano.com.br\/wp-content\/uploads\/2026\/02\/WhatsApp-Image-2026-02-08-at-12.37.42-PM-750x1000.jpeg 750w, https:\/\/maragracciano.com.br\/wp-content\/uploads\/2026\/02\/WhatsApp-Image-2026-02-08-at-12.37.42-PM.jpeg 960w\" sizes=\"(max-width: 225px) 100vw, 225px\" \/><img loading=\"lazy\" decoding=\"async\" class=\"alignnone size-medium wp-image-4713\" src=\"https:\/\/maragracciano.com.br\/wp-content\/uploads\/2026\/02\/WhatsApp-Image-2026-02-08-at-12.38.30-PM-225x300.jpeg\" alt=\"\" width=\"225\" height=\"300\" srcset=\"https:\/\/maragracciano.com.br\/wp-content\/uploads\/2026\/02\/WhatsApp-Image-2026-02-08-at-12.38.30-PM-225x300.jpeg 225w, https:\/\/maragracciano.com.br\/wp-content\/uploads\/2026\/02\/WhatsApp-Image-2026-02-08-at-12.38.30-PM-768x1024.jpeg 768w, https:\/\/maragracciano.com.br\/wp-content\/uploads\/2026\/02\/WhatsApp-Image-2026-02-08-at-12.38.30-PM-600x800.jpeg 600w, https:\/\/maragracciano.com.br\/wp-content\/uploads\/2026\/02\/WhatsApp-Image-2026-02-08-at-12.38.30-PM-750x1000.jpeg 750w, https:\/\/maragracciano.com.br\/wp-content\/uploads\/2026\/02\/WhatsApp-Image-2026-02-08-at-12.38.30-PM.jpeg 960w\" sizes=\"(max-width: 225px) 100vw, 225px\" \/><\/p>\n","protected":false},"excerpt":{"rendered":"<p>Boleira\u00a0 ISA, uma pe\u00e7a de presen\u00e7a delicada e marcante, criada para transformar a mesa em um cenario de afeto e sofistica\u00e7\u00e3o.<\/p>\n<p>Produzida em Vidro pintada a m\u00e3os em tons de vermelho intenso com detalhes em relevo dourado.<\/p>\n<p>Cada pincelada revela o cuidado artesanal e a singularidade do trabalho. mUma pe\u00e7a unica que une arte, delicadeza e tempo.<\/p>\n<p>Altura 30cm, diametro do prato 32 cm.<\/p>\n<p>Vidro importado dos USA.<\/p>\n<p>N\u00e3o utilizar micro-ondas. n\u00e3o utilizar lava -lou\u00e7a.<\/p>\n<p>Utilizar esponja macia e detergente neutro.<\/p>\n","protected":false},"featured_media":4712,"template":"","meta":[],"product_cat":[218],"product_tag":[],"acf":[],"_links":{"self":[{"href":"https:\/\/maragracciano.com.br\/index.php?rest_route=\/wp\/v2\/product\/4711"}],"collection":[{"href":"https:\/\/maragracciano.com.br\/index.php?rest_route=\/wp\/v2\/product"}],"about":[{"href":"https:\/\/maragracciano.com.br\/index.php?rest_route=\/wp\/v2\/types\/product"}],"wp:featuredmedia":[{"embeddable":true,"href":"https:\/\/maragracciano.com.br\/index.php?rest_route=\/wp\/v2\/media\/4712"}],"wp:attachment":[{"href":"https:\/\/maragracciano.com.br\/index.php?rest_route=%2Fwp%2Fv2%2Fmedia&parent=4711"}],"wp:term":[{"taxonomy":"product_cat","embeddable":true,"href":"https:\/\/maragracciano.com.br\/index.php?rest_route=%2Fwp%2Fv2%2Fproduct_cat&post=4711"},{"taxonomy":"product_tag","embeddable":true,"href":"https:\/\/maragracciano.com.br\/index.php?rest_route=%2Fwp%2Fv2%2Fproduct_tag&post=4711"}],"curies":[{"name":"wp","href":"https:\/\/api.w.org\/{rel}","templated":true}]}}